{"id":2452,"date":"2024-06-21T14:37:25","date_gmt":"2024-06-21T14:37:25","guid":{"rendered":"https:\/\/belcomotoroil.com\/privacy-policy\/"},"modified":"2024-06-26T12:04:32","modified_gmt":"2024-06-26T12:04:32","slug":"politique-de-confidentialite","status":"publish","type":"page","link":"https:\/\/belcomotoroil.com\/fr\/politique-de-confidentialite\/","title":{"rendered":"Politique de confidentialit\u00e9"},"content":{"rendered":"<section class=\"l-section wpb_row height_medium\"><div class=\"l-section-h i-cf\"><div class=\"g-cols vc_row via_flex valign_top type_default stacking_default\"><div class=\"vc_col-sm-12 wpb_column vc_column_container\"><div class=\"vc_column-inner\"><div class=\"wpb_wrapper\"><div class=\"wpb_text_column\"><div class=\"wpb_wrapper\"><h2>Belco Motor Oil NV tient \u00e0 prot\u00e9ger votre vie priv\u00e9e.<\/h2>\n<p>Nous croyons que la protection de la vie priv\u00e9e de nos clients est essentielle et, lorsque nous traitons vos donn\u00e9es personnelles, nous le faisons conform\u00e9ment aux dispositions l\u00e9gales applicables.<\/p>\n<p>Cette page d\u00e9crit la d\u00e9claration en mati\u00e8re de protection de la vie priv\u00e9e appliqu\u00e9e au site web de Belco Motor Oil NV ainsi que le traitement de toutes les informations collect\u00e9es pendant ou \u00e0 la suite de votre visite sur ce site web.<\/p>\n<p>Nous vous invitons donc \u00e0 lire attentivement cette d\u00e9claration de confidentialit\u00e9 et \u00e0 prendre connaissance de son contenu. Des modifications futures ne sont pas \u00e0 exclure. Nous vous invitons \u00e0 lire r\u00e9guli\u00e8rement cette d\u00e9claration de confidentialit\u00e9 afin de vous tenir inform\u00e9 des modifications \u00e9ventuelles.<\/p>\n<p>Responsable du traitement des donn\u00e9es<\/p>\n<p>Belco Motor Oil NV agit en tant que responsable du traitement de vos donn\u00e9es personnelles telles qu&rsquo;elles sont repr\u00e9sent\u00e9es dans cette d\u00e9claration de confidentialit\u00e9.<\/p>\n<p>Coordonn\u00e9es de la personne \u00e0 contacter\u00a0:<br \/>\nMr. Kris VERHOEVEN<br \/>\nBelco Motor Oil NV<br \/>\nWijnegembaan 6<br \/>\n2900 Schoten<br \/>\nBelgique<br \/>\ntel\u00a0\u00a0\u00a0\u00a0 : 0032 (0)3 658.45.53<br \/>\nmob : 0032 (0)497.27.10.96<br \/>\nkris@belcomotoroil.com<\/p>\n<p><strong>Donn\u00e9es personnelles que nous traitons<\/strong><\/p>\n<p>Nous traitons les donn\u00e9es personnelles des personnes physiques avec lesquelles l&rsquo;entreprise a, a eu ou souhaite avoir une relation directe ou indirecte.\u00a0 Cela concerne donc les donn\u00e9es \u00e0 caract\u00e8re personnel des clients actuels et potentiels et\/ou des fournisseurs actuels ou potentiels.<\/p>\n<p>Nous nous r\u00e9servons le droit de combiner les informations que nous avons collect\u00e9es aupr\u00e8s de vous avec des informations obtenues aupr\u00e8s d&rsquo;autres sources. Cela nous permet d&rsquo;am\u00e9liorer l&rsquo;exactitude et l&rsquo;exhaustivit\u00e9 des informations et de mieux personnaliser nos interactions avec vous.Finalit\u00e9 et fondements juridiques du traitement des donn\u00e9es personnelles<\/p>\n<p>Nous traitons vos donn\u00e9es personnelles aux fins suivantes :<\/p>\n<p><strong>OFFRIR DES SERVICES ET DES BIENS<\/strong><\/p>\n<p>Nous recueillons des donn\u00e9es personnelles afin de vous offrir les services et les biens demand\u00e9s et d&rsquo;assurer le traitement efficace de votre demande, par exemple en vous proposant une offre de prix ou en traitant votre correspondance.<\/p>\n<p>Nous recueillons par exemple des informations d&rsquo;identification telles que votre nom, votre adresse, votre num\u00e9ro de t\u00e9l\u00e9phone, votre adresse \u00e9lectronique, votre compte bancaire et votre num\u00e9ro de TVA.<\/p>\n<p>Le traitement des donn\u00e9es personnelles est n\u00e9cessaire \u00e0 l&rsquo;ex\u00e9cution de notre contrat avec notre client.<\/p>\n<p><strong>ADMINISTRATION FINANCI\u00c8RE<\/strong><\/p>\n<p>Nous traitons des donn\u00e9es personnelles afin de tenir notre comptabilit\u00e9 et nos registres de facturation. Il s&rsquo;agit notamment des donn\u00e9es d&rsquo;identification et des informations relatives aux factures.<\/p>\n<p>Le traitement susmentionn\u00e9 est effectu\u00e9 dans l&rsquo;int\u00e9r\u00eat l\u00e9gitime de Belco Motor Oil NV, d&rsquo;une part, la capacit\u00e9 de tenir nos dossiers et d&rsquo;obtenir le paiement des services et des biens que nous fournissons et, d&rsquo;autre part, la n\u00e9cessit\u00e9 d&rsquo;ex\u00e9cuter le contrat avec notre client.<\/p>\n<p><strong>MAINTIEN DES RELATIONS AVEC LE CLIENT &#8211; MARKETING DIRECT<\/strong><\/p>\n<p>Si vous \u00eates client, nous utilisons vos coordonn\u00e9es pour vous informer des performances de nos produits et services et \u00e9ventuellement vous proposer de nouveaux produits ou services susceptibles de vous int\u00e9resser.\u00a0 L&rsquo;envoi de ce type de mailing \u00e0 nos clients fait partie de notre int\u00e9r\u00eat l\u00e9gitime.\u00a0 Il est dans votre int\u00e9r\u00eat et dans le n\u00f4tre de tenir nos clients inform\u00e9s de nos activit\u00e9s et de nos nouveaux services.<\/p>\n<p>Si vous avez donn\u00e9 votre accord, nous recueillons vos coordonn\u00e9es pour vous envoyer des bulletins d&rsquo;information ou des informations sur des activit\u00e9s et d&rsquo;autres sujets susceptibles de vous int\u00e9resser.\u00a0 Gr\u00e2ce \u00e0 ces donn\u00e9es, nous pouvons vous envoyer par voie \u00e9lectronique des informations commerciales sur de nouveaux services\/produits, des promotions, des avantages, etc.<\/p>\n<p><strong>Partager des donn\u00e9es avec des tiers<\/strong><\/p>\n<p>Sous r\u00e9serve de votre consentement, nous partageons vos donn\u00e9es personnelles si c&rsquo;est n\u00e9cessaire pour effectuer une transaction ou livrer un produit que vous avez demand\u00e9, et si nous sommes tenus de le faire en vertu de la loi.<\/p>\n<p>Lorsque vous nous fournissez des informations de paiement pour finaliser un achat, nous partageons ces informations avec des banques et d&rsquo;autres entit\u00e9s qui traitent les transactions de paiement ou fournissent d&rsquo;autres services financiers, afin de pr\u00e9venir la fraude et de r\u00e9duire le risque de cr\u00e9dit.<\/p>\n<p>Vos donn\u00e9es personnelles ne seront ni vendues, ni transmises \u00e0 des tiers, ni rendues publiques. Vos donn\u00e9es ne seront pas transmises \u00e0 des organisations situ\u00e9es dans des pays en dehors de l&rsquo;Union europ\u00e9enne.<\/p>\n<p>Sous r\u00e9serve de votre consentement explicite pr\u00e9alable, nous pouvons divulguer vos donn\u00e9es personnelles \u00e0 des fournisseurs qui sont contractuellement li\u00e9s \u00e0 nous et qui offrent des services ou des produits susceptibles de vous int\u00e9resser.<\/p>\n<p>Vous pouvez r\u00e9voquer votre consentement avec effet imm\u00e9diat.<\/p>\n<p>Vos droits concernant les donn\u00e9es que nous collectons :<\/p>\n<p>Vous disposez de plusieurs droits concernant les donn\u00e9es personnelles que nous traitons.<\/p>\n<p><strong>DROIT D&rsquo;ACC\u00c8S<\/strong><\/p>\n<p>Vous avez le droit d&rsquo;obtenir la confirmation des donn\u00e9es personnelles trait\u00e9es et de demander une copie des donn\u00e9es personnelles que Belco Motor Oil d\u00e9tient \u00e0 votre sujet. Ce service est gratuit.<\/p>\n<p><strong>DROIT \u00c0 ELIMINATION ET RESTRICTION<\/strong><\/p>\n<p>Vous avez le droit de faire effacer vos donn\u00e9es personnelles. Vous reconnaissez que si vous demandez l&rsquo;effacement de vos donn\u00e9es \u00e0 caract\u00e8re personnel, certains services ne pourront pas vous \u00eatre fournis.<\/p>\n<p>Vous pouvez \u00e9galement demander \u00e0 restreindre le traitement de vos donn\u00e9es personnelles.<\/p>\n<p><strong>DROIT DE SUPPRESSION ET DE RESTRICTION<\/strong><\/p>\n<p>Vous avez toujours le droit de vous opposer \u00e0 l&rsquo;utilisation de vos donn\u00e9es personnelles. Toutefois, vous devrez justifier cette demande.<\/p>\n<p>Vous pouvez \u00e9galement vous opposer explicitement au traitement de vos donn\u00e9es \u00e0 caract\u00e8re personnel \u00e0 des fins de marketing direct ; vous ne devez pas fournir de motivation.<\/p>\n<p><strong>DROIT DE TRANSMISSION DES DONN\u00c9ES<\/strong><\/p>\n<p>Vous avez le droit de recevoir les donn\u00e9es personnelles que nous traitons dans un format structur\u00e9, utilisable et lisible par machine. Vous avez \u00e9galement le droit de faire transf\u00e9rer ces donn\u00e9es \u00e0 d&rsquo;autres responsables du traitement.<\/p>\n<p><strong>DROIT DE RETIRER VOTRE CONSENTEMENT<\/strong><\/p>\n<p>Vous avez le droit de retirer votre consentement au traitement de vos donn\u00e9es personnelles \u00e0 tout moment (\u00e0 condition que le traitement soit bas\u00e9 sur votre consentement).<\/p>\n<p><strong>DROIT DE D\u00c9POSER UNE PLAINTE<\/strong><\/p>\n<p>En outre, vous avez le droit de d\u00e9poser une plainte aupr\u00e8s de l&rsquo;autorit\u00e9 charg\u00e9e de la protection des donn\u00e9es\u00a0:<\/p>\n<p>Commissie voor de Bescherming van de Persoonlijke Levenssfeer<br \/>\nDrukpersstraat 35<br \/>\n1000 BRUSSEL<br \/>\nBelgique<br \/>\nTel. 02\/274.48.00<br \/>\nFax. 02\/274.48.35<br \/>\ncommission@privacycommission.be<\/p>\n<p>Si vous souhaitez exercer les droits susmentionn\u00e9s, veuillez contacter Mr. Kris VERHOEVEN, Belco Motor Oil NV, dont l&rsquo;adresse est 2900 Schoten, Wijnegembaan 6, &#8211; tel : 0032 (0)3 658.45.53 ou mobile : 0032 (0)497.27.10.96, ou e-mail kris@belcomotoroil.com.<\/p>\n<p>Avant de donner suite \u00e0 votre demande, nous pouvons vous demander de pr\u00e9senter une preuve d&rsquo;identit\u00e9.<\/p>\n<p>Le cas \u00e9ch\u00e9ant, vous pouvez \u00e9galement consulter votre compte sur notre site web et notre mailing list.<\/p>\n<p>P\u00e9riode de conservation de vos donn\u00e9es<\/p>\n<p>Vos donn\u00e9es acquises via le formulaire de contact de notre site web seront conserv\u00e9es tant que la communication est en cours.<\/p>\n<p>Vos donn\u00e9es obtenues via le formulaire d&rsquo;inscription \u00e0 la newsletter seront conserv\u00e9es jusqu&rsquo;\u00e0 ce que vous vous d\u00e9sinscriviez.<\/p>\n<p>Vos donn\u00e9es obtenues lors de l&rsquo;achat d&rsquo;un produit\/service seront conserv\u00e9es aussi longtemps que n\u00e9cessaire pour nos services, y compris, mais sans s&rsquo;y limiter, pour le maintien de la relation avec le client.<\/p>\n<p>En g\u00e9n\u00e9ral, nous ne conservons pas vos donn\u00e9es personnelles plus longtemps que ce qui est strictement n\u00e9cessaire pour atteindre les objectifs pour lesquels elles ont \u00e9t\u00e9 collect\u00e9es, sauf pour r\u00e9soudre des litiges ou si une p\u00e9riode de conservation plus longue est exig\u00e9e par la loi.<\/p>\n<p>Les informations non personnelles peuvent \u00eatre conserv\u00e9es dans le temps sans limitation \u00e0 des fins statistiques.<\/p>\n<p>S\u00e9curit\u00e9 et confidentialit\u00e9<\/p>\n<p>Nous nous engageons \u00e0 pr\u00e9server la confidentialit\u00e9 de vos donn\u00e9es personnelles et avons pris des mesures de s\u00e9curit\u00e9 pour pr\u00e9venir toute perte, utilisation abusive ou falsification \u00e9ventuelle de ces donn\u00e9es personnelles.<\/p>\n<p>A cette fin, nous prenons toutes les mesures raisonnables pour assurer la confidentialit\u00e9 des donn\u00e9es communiqu\u00e9es par le client. Toutefois, le client reconna\u00eet que la transmission de donn\u00e9es personnelles sur Internet n&rsquo;est jamais sans risque. Le client reconna\u00eet et accepte donc que les dommages qu&rsquo;il pourrait subir \u00e0 la suite de l&rsquo;utilisation ill\u00e9gale de donn\u00e9es \u00e0 caract\u00e8re personnel par des tiers qui n&rsquo;en ont pas obtenu l&rsquo;autorisation ne pourront jamais \u00eatre r\u00e9cup\u00e9r\u00e9s par Belco Motor Oil SA.<\/p>\n<p>Cookies<\/p>\n<p>Nous pouvons collecter des donn\u00e9es anonymes ou agr\u00e9g\u00e9es de nature non personnelle, telles que le type de navigateur ou l&rsquo;adresse IP, le syst\u00e8me d&rsquo;exploitation que vous utilisez ou le nom de domaine du site web par lequel vous \u00eates arriv\u00e9 sur le site ou par lequel vous l&rsquo;avez quitt\u00e9. Cela nous permet d&rsquo;am\u00e9liorer continuellement le site web pour ses utilisateurs.<\/p>\n<p>Pour plus d&rsquo;informations, veuillez consulter la d\u00e9claration relative aux cookies.<\/p>\n<p><strong>Liens vers d&rsquo;autres sites web<\/strong><\/p>\n<p>Les liens ins\u00e9r\u00e9s sur le site web le sont uniquement \u00e0 titre d&rsquo;information. Malgr\u00e9 un contr\u00f4le minutieux du contenu, aucune responsabilit\u00e9 ne sera accept\u00e9e en ce qui concerne le contenu des liens externes ou le respect d&rsquo;une d\u00e9claration de confidentialit\u00e9 identique \u00e0 celle d\u00e9finie dans le pr\u00e9sent document. Lorsque vous acc\u00e9dez \u00e0 des liens externes, veuillez lire la politique de confidentialit\u00e9 du site web correspondant.<\/p>\n<\/div><\/div><\/div><\/div><\/div><\/div><\/div><\/section>\n","protected":false},"excerpt":{"rendered":"Belco Motor Oil NV tient \u00e0 prot\u00e9ger votre vie priv\u00e9e. Nous croyons que la protection de la vie priv\u00e9e de nos clients est essentielle et, lorsque nous traitons vos donn\u00e9es personnelles, nous le faisons conform\u00e9ment aux dispositions l\u00e9gales applicables. Cette page d\u00e9crit la d\u00e9claration en mati\u00e8re de protection de la vie priv\u00e9e appliqu\u00e9e au site...","protected":false},"author":1,"featured_media":0,"parent":0,"menu_order":0,"comment_status":"closed","ping_status":"closed","template":"","meta":{"_acf_changed":false,"footnotes":""},"categories":[],"tags":[],"class_list":["post-2452","page","type-page","status-publish","hentry"],"acf":[],"yoast_head":"<!-- This site is optimized with the Yoast SEO plugin v26.4 - https:\/\/yoast.com\/wordpress\/plugins\/seo\/ -->\n<title>Politique de confidentialit\u00e9 - Belco motor oil<\/title>\n<meta name=\"robots\" content=\"index, follow, max-snippet:-1, max-image-preview:large, max-video-preview:-1\" \/>\n<link rel=\"canonical\" href=\"https:\/\/belcomotoroil.com\/fr\/politique-de-confidentialite\/\" \/>\n<meta property=\"og:locale\" content=\"fr_FR\" \/>\n<meta property=\"og:type\" content=\"article\" \/>\n<meta property=\"og:title\" content=\"Politique de confidentialit\u00e9 - Belco motor oil\" \/>\n<meta property=\"og:url\" content=\"https:\/\/belcomotoroil.com\/fr\/politique-de-confidentialite\/\" \/>\n<meta property=\"og:site_name\" content=\"Belco motor oil\" \/>\n<meta property=\"article:modified_time\" content=\"2024-06-26T12:04:32+00:00\" \/>\n<meta name=\"twitter:card\" content=\"summary_large_image\" \/>\n<meta name=\"twitter:label1\" content=\"Dur\u00e9e de lecture est.\" \/>\n\t<meta name=\"twitter:data1\" content=\"8 minutes\" \/>\n<script type=\"application\/ld+json\" class=\"yoast-schema-graph\">{\"@context\":\"https:\/\/schema.org\",\"@graph\":[{\"@type\":\"WebPage\",\"@id\":\"https:\/\/belcomotoroil.com\/fr\/politique-de-confidentialite\/\",\"url\":\"https:\/\/belcomotoroil.com\/fr\/politique-de-confidentialite\/\",\"name\":\"Politique de confidentialit\u00e9 - Belco motor oil\",\"isPartOf\":{\"@id\":\"https:\/\/belcomotoroil.com\/fr\/#website\"},\"datePublished\":\"2024-06-21T14:37:25+00:00\",\"dateModified\":\"2024-06-26T12:04:32+00:00\",\"breadcrumb\":{\"@id\":\"https:\/\/belcomotoroil.com\/fr\/politique-de-confidentialite\/#breadcrumb\"},\"inLanguage\":\"fr-BE\",\"potentialAction\":[{\"@type\":\"ReadAction\",\"target\":[\"https:\/\/belcomotoroil.com\/fr\/politique-de-confidentialite\/\"]}]},{\"@type\":\"BreadcrumbList\",\"@id\":\"https:\/\/belcomotoroil.com\/fr\/politique-de-confidentialite\/#breadcrumb\",\"itemListElement\":[{\"@type\":\"ListItem\",\"position\":1,\"name\":\"Home\",\"item\":\"https:\/\/belcomotoroil.com\/fr\/home\/\"},{\"@type\":\"ListItem\",\"position\":2,\"name\":\"Politique de confidentialit\u00e9\"}]},{\"@type\":\"WebSite\",\"@id\":\"https:\/\/belcomotoroil.com\/fr\/#website\",\"url\":\"https:\/\/belcomotoroil.com\/fr\/\",\"name\":\"Belco motor oil\",\"description\":\"\",\"potentialAction\":[{\"@type\":\"SearchAction\",\"target\":{\"@type\":\"EntryPoint\",\"urlTemplate\":\"https:\/\/belcomotoroil.com\/fr\/?s={search_term_string}\"},\"query-input\":{\"@type\":\"PropertyValueSpecification\",\"valueRequired\":true,\"valueName\":\"search_term_string\"}}],\"inLanguage\":\"fr-BE\"}]}<\/script>\n<!-- \/ Yoast SEO plugin. -->","yoast_head_json":{"title":"Politique de confidentialit\u00e9 - Belco motor oil","robots":{"index":"index","follow":"follow","max-snippet":"max-snippet:-1","max-image-preview":"max-image-preview:large","max-video-preview":"max-video-preview:-1"},"canonical":"https:\/\/belcomotoroil.com\/fr\/politique-de-confidentialite\/","og_locale":"fr_FR","og_type":"article","og_title":"Politique de confidentialit\u00e9 - Belco motor oil","og_url":"https:\/\/belcomotoroil.com\/fr\/politique-de-confidentialite\/","og_site_name":"Belco motor oil","article_modified_time":"2024-06-26T12:04:32+00:00","twitter_card":"summary_large_image","twitter_misc":{"Dur\u00e9e de lecture est.":"8 minutes"},"schema":{"@context":"https:\/\/schema.org","@graph":[{"@type":"WebPage","@id":"https:\/\/belcomotoroil.com\/fr\/politique-de-confidentialite\/","url":"https:\/\/belcomotoroil.com\/fr\/politique-de-confidentialite\/","name":"Politique de confidentialit\u00e9 - Belco motor oil","isPartOf":{"@id":"https:\/\/belcomotoroil.com\/fr\/#website"},"datePublished":"2024-06-21T14:37:25+00:00","dateModified":"2024-06-26T12:04:32+00:00","breadcrumb":{"@id":"https:\/\/belcomotoroil.com\/fr\/politique-de-confidentialite\/#breadcrumb"},"inLanguage":"fr-BE","potentialAction":[{"@type":"ReadAction","target":["https:\/\/belcomotoroil.com\/fr\/politique-de-confidentialite\/"]}]},{"@type":"BreadcrumbList","@id":"https:\/\/belcomotoroil.com\/fr\/politique-de-confidentialite\/#breadcrumb","itemListElement":[{"@type":"ListItem","position":1,"name":"Home","item":"https:\/\/belcomotoroil.com\/fr\/home\/"},{"@type":"ListItem","position":2,"name":"Politique de confidentialit\u00e9"}]},{"@type":"WebSite","@id":"https:\/\/belcomotoroil.com\/fr\/#website","url":"https:\/\/belcomotoroil.com\/fr\/","name":"Belco motor oil","description":"","potentialAction":[{"@type":"SearchAction","target":{"@type":"EntryPoint","urlTemplate":"https:\/\/belcomotoroil.com\/fr\/?s={search_term_string}"},"query-input":{"@type":"PropertyValueSpecification","valueRequired":true,"valueName":"search_term_string"}}],"inLanguage":"fr-BE"}]}},"_links":{"self":[{"href":"https:\/\/belcomotoroil.com\/fr\/wp-json\/wp\/v2\/pages\/2452","targetHints":{"allow":["GET"]}}],"collection":[{"href":"https:\/\/belcomotoroil.com\/fr\/wp-json\/wp\/v2\/pages"}],"about":[{"href":"https:\/\/belcomotoroil.com\/fr\/wp-json\/wp\/v2\/types\/page"}],"author":[{"embeddable":true,"href":"https:\/\/belcomotoroil.com\/fr\/wp-json\/wp\/v2\/users\/1"}],"replies":[{"embeddable":true,"href":"https:\/\/belcomotoroil.com\/fr\/wp-json\/wp\/v2\/comments?post=2452"}],"version-history":[{"count":3,"href":"https:\/\/belcomotoroil.com\/fr\/wp-json\/wp\/v2\/pages\/2452\/revisions"}],"predecessor-version":[{"id":2459,"href":"https:\/\/belcomotoroil.com\/fr\/wp-json\/wp\/v2\/pages\/2452\/revisions\/2459"}],"wp:attachment":[{"href":"https:\/\/belcomotoroil.com\/fr\/wp-json\/wp\/v2\/media?parent=2452"}],"wp:term":[{"taxonomy":"category","embeddable":true,"href":"https:\/\/belcomotoroil.com\/fr\/wp-json\/wp\/v2\/categories?post=2452"},{"taxonomy":"post_tag","embeddable":true,"href":"https:\/\/belcomotoroil.com\/fr\/wp-json\/wp\/v2\/tags?post=2452"}],"curies":[{"name":"wp","href":"https:\/\/api.w.org\/{rel}","templated":true}]}}