{"id":726,"date":"2020-06-30T08:20:07","date_gmt":"2020-06-30T08:20:07","guid":{"rendered":"http:\/\/belcomotoroil.com\/services\/private-label\/"},"modified":"2021-06-08T08:03:57","modified_gmt":"2021-06-08T08:03:57","slug":"label-prive","status":"publish","type":"page","link":"https:\/\/belcomotoroil.com\/fr\/services\/label-prive\/","title":{"rendered":"Label priv\u00e9"},"content":{"rendered":"<section class=\"l-section wpb_row toprowhome height_medium full_height valign_top width_full with_img\"><div class=\"l-section-img\" role=\"img\" aria-label=\"Image\" data-img-width=\"2000\" data-img-height=\"1335\" style=\"background-image: url(https:\/\/belcomotoroil.com\/wp-content\/uploads\/2020\/06\/RVB4288.jpg);background-repeat: no-repeat;\"><\/div><div class=\"l-section-h i-cf\"><div class=\"g-cols vc_row via_flex valign_bottom type_default stacking_default\"><div class=\"vc_col-sm-12 wpb_column vc_column_container\"><div class=\"vc_column-inner\"><div class=\"wpb_wrapper\"><div class=\"w-image logohomecover align_center\"><a href=\"\/fr\/\" aria-label=\"belco-logo\" class=\"w-image-h\"><img decoding=\"async\" width=\"146\" height=\"145\" src=\"https:\/\/belcomotoroil.com\/wp-content\/uploads\/2020\/06\/belco-logo.png\" class=\"attachment-large size-large\" alt=\"\" loading=\"lazy\" \/><\/a><\/div><\/div><\/div><\/div><div class=\"vc_col-sm-12 wpb_column vc_column_container\"><div class=\"vc_column-inner\"><div class=\"wpb_wrapper\"><div class=\"wpb_text_column\"><div class=\"wpb_wrapper\"><h1>Label priv\u00e9,optez pour votre propre nom de marque ou pour le n\u00f4tre<\/h1>\n<\/div><\/div><\/div><\/div><\/div><\/div><\/div><\/section><section class=\"l-section wpb_row blackbar height_auto width_full\"><div class=\"l-section-h i-cf\"><div class=\"g-cols vc_row via_flex valign_middle type_default stacking_default\"><div class=\"vc_col-sm-7 wpb_column vc_column_container bar has_bg_color\"><div class=\"vc_column-inner us_custom_623ba360\"><div class=\"wpb_wrapper\">[vc_raw_html el_class=\u00a0\u00bbbreadpad3&Prime; css=\u00a0\u00bb%7B%22default%22%3A%7B%22margin-left%22%3A%225vw%22%7D%7D\u00a0\u00bb]JTVCd3BzZW9fYnJlYWRjcnVtYiU1RA==[\/vc_raw_html]<div class=\"w-hwrapper barcontactwrap valign_middle align_none\"><div class=\"w-btn-wrapper align_none\"><a class=\"w-btn us-btn-style_4\" title=\"Contact\" href=\"https:\/\/belcomotoroil.com\/fr\/info\/contact\/\"><span class=\"w-btn-label\">Contactez-nous<\/span><\/a><\/div>[vc_icon icon_fontawesome=\u00a0\u00bbfas fa-angle-double-down\u00a0\u00bb color=\u00a0\u00bbwhite\u00a0\u00bb align=\u00a0\u00bbcenter\u00a0\u00bb link=\u00a0\u00bburl:%23intro\u00a0\u00bb css=\u00a0\u00bb.vc_custom_1622730736208{margin-bottom: 0px !important;}\u00a0\u00bb]<\/div><\/div><\/div><\/div><div class=\"vc_col-sm-5 wpb_column vc_column_container\"><div class=\"vc_column-inner\"><div class=\"wpb_wrapper\"><\/div><\/div><\/div><\/div><\/div><\/section><section class=\"l-section wpb_row height_medium\" id=\"intro\"><div class=\"l-section-h i-cf\"><div class=\"g-cols vc_row via_flex valign_top type_default stacking_default\"><div class=\"vc_col-sm-8 wpb_column vc_column_container\"><div class=\"vc_column-inner\"><div class=\"wpb_wrapper\"><div class=\"wpb_text_column\"><div class=\"wpb_wrapper\"><p>Pour les propri\u00e9taires de commerce de d\u00e9tail, tel qu\u2019un autoshop, il peut \u00eatre int\u00e9ressant de proposer non seulement les \u00ab\u00a0grandes\u00a0\u00bb marques d\u2019huile, mais aussi des huiles sous une marque propre. Le nom gagnera ainsi en notori\u00e9t\u00e9, en confiance et les clients seront moins tent\u00e9s d\u2019acheter tout de suite chez le fabricant. Cette technique s\u2019appelle label priv\u00e9.<\/p>\n<p>Avec le label priv\u00e9, il y a plusieurs possibilit\u00e9s. Vous pouvez placer votre propre nom de marque et vos propres donn\u00e9es sur le label, ou choisir pour une de nos marques et indiquer vos donn\u00e9es de contact sur l\u2019emballage.\u00a0 Ainsi, l\u2019origine du produit sera difficile \u00e0 retracer et le client final continuera \u00e0 acheter chez vous et non chez le fabricant d\u2019origine. Attention, le label priv\u00e9 n\u2019est possible qu\u2019\u00e0 partir d\u2019un certain volume.<\/p>\n<\/div><\/div><div class=\"w-btn-wrapper align_none\"><a class=\"w-btn us-btn-style_1\" title=\"Offerte\" href=\"http:\/\/belcomotoroil.com\/fr\/info\/devis\/\"><span class=\"w-btn-label\">Demander un devis<\/span><\/a><\/div><\/div><\/div><\/div><div class=\"vc_col-sm-4 wpb_column vc_column_container\"><div class=\"vc_column-inner\"><div class=\"wpb_wrapper\"><\/div><\/div><\/div><\/div><\/div><\/section><section class=\"l-section wpb_row height_auto\"><div class=\"l-section-h i-cf\"><div class=\"g-cols vc_row via_flex valign_top type_default stacking_default\"><div class=\"vc_col-sm-3 wpb_column vc_column_container\"><div class=\"vc_column-inner\"><div class=\"wpb_wrapper\"><\/div><\/div><\/div><div class=\"vc_col-sm-1 wpb_column vc_column_container h500 has_bg_color stretched\"><div class=\"vc_column-inner us_custom_9f5e234b\"><div class=\"wpb_wrapper\"><\/div><\/div><\/div><\/div><\/div><\/section><section class=\"l-section wpb_row us_custom_4e0cc4c3 orangeleftmini height_auto\"><div class=\"l-section-h i-cf\"><div class=\"g-cols vc_row via_flex valign_top type_default stacking_default\"><div class=\"vc_col-sm-3 wpb_column vc_column_container has_bg_color\"><div class=\"vc_column-inner us_custom_c6f6245f\"><div class=\"wpb_wrapper\"><div class=\"wpb_text_column us_custom_6df4bc3a has_text_color\"><div class=\"wpb_wrapper\"><h2>Pourquoi<br \/>\nle label priv\u00e9 ?<\/h2>\n<\/div><\/div><\/div><\/div><\/div><div class=\"vc_col-sm-1 wpb_column vc_column_container\"><div class=\"vc_column-inner\"><div class=\"wpb_wrapper\"><\/div><\/div><\/div><div class=\"vc_col-sm-4 wpb_column vc_column_container\"><div class=\"vc_column-inner\"><div class=\"wpb_wrapper\"><div class=\"w-iconbox homeiconbox iconpos_top style_default color_primary align_left no_text icontype_img\"><div class=\"w-iconbox-icon\" style=\"font-size:100px;\"><img loading=\"lazy\" decoding=\"async\" width=\"130\" height=\"130\" src=\"https:\/\/belcomotoroil.com\/wp-content\/uploads\/2020\/07\/AMerk-O.png\" class=\"attachment-full size-full\" alt=\"\" \/><\/div><div class=\"w-iconbox-meta\"><span class=\"w-iconbox-title\" style=\"font-size:28px;\">Aussi bon qu\u2019une marque leader<\/span><\/div><\/div><\/div><\/div><\/div><div class=\"vc_col-sm-4 wpb_column vc_column_container\"><div class=\"vc_column-inner\"><div class=\"wpb_wrapper\"><div class=\"w-iconbox homeiconbox iconpos_top style_default color_primary align_left no_text icontype_img\"><div class=\"w-iconbox-icon\" style=\"font-size:100px;\"><img loading=\"lazy\" decoding=\"async\" width=\"130\" height=\"130\" src=\"https:\/\/belcomotoroil.com\/wp-content\/uploads\/2020\/07\/Klantenbinding-O.png\" class=\"attachment-full size-full\" alt=\"\" \/><\/div><div class=\"w-iconbox-meta\"><span class=\"w-iconbox-title\" style=\"font-size:28px;\">Plus de fid\u00e9lisation de la client\u00e8le<\/span><\/div><\/div><\/div><\/div><\/div><\/div><\/div><\/section><section class=\"l-section wpb_row us_custom_72fc42ef height_auto\"><div class=\"l-section-h i-cf\"><div class=\"g-cols vc_row via_flex valign_top type_default stacking_default\"><div class=\"vc_col-sm-4 wpb_column vc_column_container\"><div class=\"vc_column-inner\"><div class=\"wpb_wrapper\"><\/div><\/div><\/div><div class=\"vc_col-sm-4 wpb_column vc_column_container\"><div class=\"vc_column-inner\"><div class=\"wpb_wrapper\"><div class=\"w-iconbox homeiconbox iconpos_top style_default color_primary align_left no_text icontype_img\"><div class=\"w-iconbox-icon\" style=\"font-size:100px;\"><img loading=\"lazy\" decoding=\"async\" width=\"130\" height=\"130\" src=\"https:\/\/belcomotoroil.com\/wp-content\/uploads\/2020\/07\/Naambekendheid-Z.png\" class=\"attachment-full size-full\" alt=\"\" \/><\/div><div class=\"w-iconbox-meta\"><span class=\"w-iconbox-title\" style=\"font-size:28px;\">Plus de notori\u00e9t\u00e9 du nom<\/span><\/div><\/div><\/div><\/div><\/div><div class=\"vc_col-sm-4 wpb_column vc_column_container\"><div class=\"vc_column-inner\"><div class=\"wpb_wrapper\"><div class=\"w-iconbox homeiconbox iconpos_top style_default color_primary align_left no_text icontype_img\"><div class=\"w-iconbox-icon\" style=\"font-size:100px;\"><img loading=\"lazy\" decoding=\"async\" width=\"130\" height=\"130\" src=\"https:\/\/belcomotoroil.com\/wp-content\/uploads\/2020\/07\/Export-O1.png\" class=\"attachment-full size-full\" alt=\"\" \/><\/div><div class=\"w-iconbox-meta\"><span class=\"w-iconbox-title\" style=\"font-size:28px;\">Possibilit\u00e9 d\u2019exportation<\/span><\/div><\/div><\/div><\/div><\/div><\/div><\/div><\/section><section class=\"l-section wpb_row us_custom_edd6783e blackright height_auto\"><div class=\"l-section-h i-cf\"><div class=\"g-cols vc_row via_flex valign_top type_boxes stacking_default\"><div class=\"vc_col-sm-6 wpb_column vc_column_container imgheightmobile has_bg_color\"><div class=\"vc_column-inner us_custom_f2fea55b\"><div class=\"wpb_wrapper\"><\/div><\/div><\/div><div class=\"vc_col-sm-6 wpb_column vc_column_container has_bg_color\"><div class=\"vc_column-inner us_custom_623ba360\"><div class=\"wpb_wrapper\"><div class=\"wpb_text_column us_custom_6df4bc3a has_text_color\"><div class=\"wpb_wrapper\"><h2>Exportez votre label priv\u00e9<\/h2>\n<\/div><\/div><div class=\"wpb_text_column us_custom_6df4bc3a has_text_color\"><div class=\"wpb_wrapper\"><p>Un bon nombre d\u2019entreprises sont demandeurs pour l\u2019exportation d\u2019un label priv\u00e9. Ici aussi, nous pouvons vous aider. Nous exportons d\u00e9j\u00e0 vers une quarantaine de pays dans le monde entier et continuons de grandir. En tant qu\u2019expert en la mati\u00e8re, nous pouvons vous aider pour le label priv\u00e9 et l\u2019exportation.<\/p>\n<\/div><\/div><div class=\"w-btn-wrapper align_none\"><a class=\"w-btn us-btn-style_1\" title=\"Export\" href=\"http:\/\/belcomotoroil.com\/fr\/services\/exportation\/\"><span class=\"w-btn-label\">En savoir plus sur l\u2019exportation<\/span><\/a><\/div><\/div><\/div><\/div><\/div><\/div><\/section>\n","protected":false},"excerpt":{"rendered":"Label priv\u00e9,optez pour votre propre nom de marque ou pour le n\u00f4tre [vc_raw_html el_class=\"breadpad3\" css=\"%7B%22default%22%3A%7B%22margin-left%22%3A%225vw%22%7D%7D\"]JTVCd3BzZW9fYnJlYWRjcnVtYiU1RA==[\/vc_raw_html]Contactez-nous[vc_icon icon_fontawesome=\"fas fa-angle-double-down\" color=\"white\" align=\"center\" link=\"url:%23intro\" css=\".vc_custom_1622730736208{margin-bottom: 0px !important;}\"]Pour les propri\u00e9taires de commerce de d\u00e9tail, tel qu\u2019un autoshop, il peut \u00eatre int\u00e9ressant de proposer non seulement les \u00ab\u00a0grandes\u00a0\u00bb marques d\u2019huile, mais aussi des huiles sous une marque propre. Le nom gagnera...","protected":false},"author":1,"featured_media":0,"parent":723,"menu_order":0,"comment_status":"closed","ping_status":"closed","template":"","meta":{"_acf_changed":false,"footnotes":""},"categories":[],"tags":[],"class_list":["post-726","page","type-page","status-publish","hentry"],"acf":[],"yoast_head":"<!-- This site is optimized with the Yoast SEO plugin v26.4 - https:\/\/yoast.com\/wordpress\/plugins\/seo\/ -->\n<title>Label priv\u00e9 | Belco Motor Oil<\/title>\n<meta name=\"description\" content=\"Vous aimeriez vendre de l\u2019huile sous votre propre nom ? Les autoshops et d\u00e9taillants sont \u00e0 la bonne adresse chez nous. Nous cr\u00e9ons votre label priv\u00e9 pour l\u2019huile de moteur.\" \/>\n<meta name=\"robots\" content=\"index, follow, max-snippet:-1, max-image-preview:large, max-video-preview:-1\" \/>\n<link rel=\"canonical\" href=\"https:\/\/belcomotoroil.com\/fr\/services\/label-prive\/\" \/>\n<meta property=\"og:locale\" content=\"fr_FR\" \/>\n<meta property=\"og:type\" content=\"article\" \/>\n<meta property=\"og:title\" content=\"Label priv\u00e9 | Belco Motor Oil\" \/>\n<meta property=\"og:description\" content=\"Vous aimeriez vendre de l\u2019huile sous votre propre nom ? Les autoshops et d\u00e9taillants sont \u00e0 la bonne adresse chez nous. Nous cr\u00e9ons votre label priv\u00e9 pour l\u2019huile de moteur.\" \/>\n<meta property=\"og:url\" content=\"https:\/\/belcomotoroil.com\/fr\/services\/label-prive\/\" \/>\n<meta property=\"og:site_name\" content=\"Belco motor oil\" \/>\n<meta property=\"article:modified_time\" content=\"2021-06-08T08:03:57+00:00\" \/>\n<meta name=\"twitter:card\" content=\"summary_large_image\" \/>\n<meta name=\"twitter:label1\" content=\"Dur\u00e9e de lecture est.\" \/>\n\t<meta name=\"twitter:data1\" content=\"2 minutes\" \/>\n<script type=\"application\/ld+json\" class=\"yoast-schema-graph\">{\"@context\":\"https:\/\/schema.org\",\"@graph\":[{\"@type\":\"WebPage\",\"@id\":\"https:\/\/belcomotoroil.com\/fr\/services\/label-prive\/\",\"url\":\"https:\/\/belcomotoroil.com\/fr\/services\/label-prive\/\",\"name\":\"Label priv\u00e9 | Belco Motor Oil\",\"isPartOf\":{\"@id\":\"https:\/\/belcomotoroil.com\/fr\/#website\"},\"datePublished\":\"2020-06-30T08:20:07+00:00\",\"dateModified\":\"2021-06-08T08:03:57+00:00\",\"description\":\"Vous aimeriez vendre de l\u2019huile sous votre propre nom ? Les autoshops et d\u00e9taillants sont \u00e0 la bonne adresse chez nous. Nous cr\u00e9ons votre label priv\u00e9 pour l\u2019huile de moteur.\",\"breadcrumb\":{\"@id\":\"https:\/\/belcomotoroil.com\/fr\/services\/label-prive\/#breadcrumb\"},\"inLanguage\":\"fr-BE\",\"potentialAction\":[{\"@type\":\"ReadAction\",\"target\":[\"https:\/\/belcomotoroil.com\/fr\/services\/label-prive\/\"]}]},{\"@type\":\"BreadcrumbList\",\"@id\":\"https:\/\/belcomotoroil.com\/fr\/services\/label-prive\/#breadcrumb\",\"itemListElement\":[{\"@type\":\"ListItem\",\"position\":1,\"name\":\"Home\",\"item\":\"https:\/\/belcomotoroil.com\/fr\/home\/\"},{\"@type\":\"ListItem\",\"position\":2,\"name\":\"Services\",\"item\":\"https:\/\/belcomotoroil.com\/fr\/services\/\"},{\"@type\":\"ListItem\",\"position\":3,\"name\":\"Label priv\u00e9\"}]},{\"@type\":\"WebSite\",\"@id\":\"https:\/\/belcomotoroil.com\/fr\/#website\",\"url\":\"https:\/\/belcomotoroil.com\/fr\/\",\"name\":\"Belco motor oil\",\"description\":\"\",\"potentialAction\":[{\"@type\":\"SearchAction\",\"target\":{\"@type\":\"EntryPoint\",\"urlTemplate\":\"https:\/\/belcomotoroil.com\/fr\/?s={search_term_string}\"},\"query-input\":{\"@type\":\"PropertyValueSpecification\",\"valueRequired\":true,\"valueName\":\"search_term_string\"}}],\"inLanguage\":\"fr-BE\"}]}<\/script>\n<!-- \/ Yoast SEO plugin. -->","yoast_head_json":{"title":"Label priv\u00e9 | Belco Motor Oil","description":"Vous aimeriez vendre de l\u2019huile sous votre propre nom ? Les autoshops et d\u00e9taillants sont \u00e0 la bonne adresse chez nous. Nous cr\u00e9ons votre label priv\u00e9 pour l\u2019huile de moteur.","robots":{"index":"index","follow":"follow","max-snippet":"max-snippet:-1","max-image-preview":"max-image-preview:large","max-video-preview":"max-video-preview:-1"},"canonical":"https:\/\/belcomotoroil.com\/fr\/services\/label-prive\/","og_locale":"fr_FR","og_type":"article","og_title":"Label priv\u00e9 | Belco Motor Oil","og_description":"Vous aimeriez vendre de l\u2019huile sous votre propre nom ? Les autoshops et d\u00e9taillants sont \u00e0 la bonne adresse chez nous. Nous cr\u00e9ons votre label priv\u00e9 pour l\u2019huile de moteur.","og_url":"https:\/\/belcomotoroil.com\/fr\/services\/label-prive\/","og_site_name":"Belco motor oil","article_modified_time":"2021-06-08T08:03:57+00:00","twitter_card":"summary_large_image","twitter_misc":{"Dur\u00e9e de lecture est.":"2 minutes"},"schema":{"@context":"https:\/\/schema.org","@graph":[{"@type":"WebPage","@id":"https:\/\/belcomotoroil.com\/fr\/services\/label-prive\/","url":"https:\/\/belcomotoroil.com\/fr\/services\/label-prive\/","name":"Label priv\u00e9 | Belco Motor Oil","isPartOf":{"@id":"https:\/\/belcomotoroil.com\/fr\/#website"},"datePublished":"2020-06-30T08:20:07+00:00","dateModified":"2021-06-08T08:03:57+00:00","description":"Vous aimeriez vendre de l\u2019huile sous votre propre nom ? Les autoshops et d\u00e9taillants sont \u00e0 la bonne adresse chez nous. Nous cr\u00e9ons votre label priv\u00e9 pour l\u2019huile de moteur.","breadcrumb":{"@id":"https:\/\/belcomotoroil.com\/fr\/services\/label-prive\/#breadcrumb"},"inLanguage":"fr-BE","potentialAction":[{"@type":"ReadAction","target":["https:\/\/belcomotoroil.com\/fr\/services\/label-prive\/"]}]},{"@type":"BreadcrumbList","@id":"https:\/\/belcomotoroil.com\/fr\/services\/label-prive\/#breadcrumb","itemListElement":[{"@type":"ListItem","position":1,"name":"Home","item":"https:\/\/belcomotoroil.com\/fr\/home\/"},{"@type":"ListItem","position":2,"name":"Services","item":"https:\/\/belcomotoroil.com\/fr\/services\/"},{"@type":"ListItem","position":3,"name":"Label priv\u00e9"}]},{"@type":"WebSite","@id":"https:\/\/belcomotoroil.com\/fr\/#website","url":"https:\/\/belcomotoroil.com\/fr\/","name":"Belco motor oil","description":"","potentialAction":[{"@type":"SearchAction","target":{"@type":"EntryPoint","urlTemplate":"https:\/\/belcomotoroil.com\/fr\/?s={search_term_string}"},"query-input":{"@type":"PropertyValueSpecification","valueRequired":true,"valueName":"search_term_string"}}],"inLanguage":"fr-BE"}]}},"_links":{"self":[{"href":"https:\/\/belcomotoroil.com\/fr\/wp-json\/wp\/v2\/pages\/726","targetHints":{"allow":["GET"]}}],"collection":[{"href":"https:\/\/belcomotoroil.com\/fr\/wp-json\/wp\/v2\/pages"}],"about":[{"href":"https:\/\/belcomotoroil.com\/fr\/wp-json\/wp\/v2\/types\/page"}],"author":[{"embeddable":true,"href":"https:\/\/belcomotoroil.com\/fr\/wp-json\/wp\/v2\/users\/1"}],"replies":[{"embeddable":true,"href":"https:\/\/belcomotoroil.com\/fr\/wp-json\/wp\/v2\/comments?post=726"}],"version-history":[{"count":7,"href":"https:\/\/belcomotoroil.com\/fr\/wp-json\/wp\/v2\/pages\/726\/revisions"}],"predecessor-version":[{"id":2226,"href":"https:\/\/belcomotoroil.com\/fr\/wp-json\/wp\/v2\/pages\/726\/revisions\/2226"}],"up":[{"embeddable":true,"href":"https:\/\/belcomotoroil.com\/fr\/wp-json\/wp\/v2\/pages\/723"}],"wp:attachment":[{"href":"https:\/\/belcomotoroil.com\/fr\/wp-json\/wp\/v2\/media?parent=726"}],"wp:term":[{"taxonomy":"category","embeddable":true,"href":"https:\/\/belcomotoroil.com\/fr\/wp-json\/wp\/v2\/categories?post=726"},{"taxonomy":"post_tag","embeddable":true,"href":"https:\/\/belcomotoroil.com\/fr\/wp-json\/wp\/v2\/tags?post=726"}],"curies":[{"name":"wp","href":"https:\/\/api.w.org\/{rel}","templated":true}]}}