{"id":731,"date":"2020-06-30T08:20:07","date_gmt":"2020-06-30T08:20:07","guid":{"rendered":"http:\/\/belcomotoroil.com\/services\/export\/"},"modified":"2021-06-08T08:04:41","modified_gmt":"2021-06-08T08:04:41","slug":"exportation","status":"publish","type":"page","link":"https:\/\/belcomotoroil.com\/fr\/services\/exportation\/","title":{"rendered":"Exportation"},"content":{"rendered":"<section class=\"l-section wpb_row toprowhome height_medium full_height valign_top width_full with_img\"><div class=\"l-section-img\" role=\"img\" aria-label=\"Vaten Belco Motor Oil voor transport\" data-img-width=\"2000\" data-img-height=\"1335\" style=\"background-image: url(https:\/\/belcomotoroil.com\/wp-content\/uploads\/2020\/07\/RVB4393-1.jpg);background-repeat: no-repeat;\"><\/div><div class=\"l-section-h i-cf\"><div class=\"g-cols vc_row via_flex valign_bottom type_default stacking_default\"><div class=\"vc_col-sm-12 wpb_column vc_column_container\"><div class=\"vc_column-inner\"><div class=\"wpb_wrapper\"><div class=\"w-image logohomecover align_center\"><a href=\"\/fr\/\" aria-label=\"belco-logo\" class=\"w-image-h\"><img decoding=\"async\" width=\"146\" height=\"145\" src=\"https:\/\/belcomotoroil.com\/wp-content\/uploads\/2020\/06\/belco-logo.png\" class=\"attachment-large size-large\" alt=\"\" loading=\"lazy\" \/><\/a><\/div><\/div><\/div><\/div><div class=\"vc_col-sm-12 wpb_column vc_column_container\"><div class=\"vc_column-inner\"><div class=\"wpb_wrapper\"><div class=\"wpb_text_column\"><div class=\"wpb_wrapper\"><h1>Exportation<\/h1>\n<\/div><\/div><\/div><\/div><\/div><\/div><\/div><\/section><section class=\"l-section wpb_row blackbar height_auto width_full\"><div class=\"l-section-h i-cf\"><div class=\"g-cols vc_row via_flex valign_middle type_default stacking_default\"><div class=\"vc_col-sm-7 wpb_column vc_column_container bar has_bg_color\"><div class=\"vc_column-inner us_custom_623ba360\"><div class=\"wpb_wrapper\">[vc_raw_html el_class=\u00a0\u00bbbreadpad3&Prime; css=\u00a0\u00bb%7B%22default%22%3A%7B%22margin-left%22%3A%225vw%22%7D%7D\u00a0\u00bb]JTVCd3BzZW9fYnJlYWRjcnVtYiU1RA==[\/vc_raw_html]<div class=\"w-hwrapper barcontactwrap valign_middle align_none\"><div class=\"w-btn-wrapper align_none\"><a class=\"w-btn us-btn-style_4\" title=\"Contact\" href=\"https:\/\/belcomotoroil.com\/fr\/info\/contact\/\"><span class=\"w-btn-label\">Contactez-nous<\/span><\/a><\/div>[vc_icon icon_fontawesome=\u00a0\u00bbfas fa-angle-double-down\u00a0\u00bb color=\u00a0\u00bbwhite\u00a0\u00bb align=\u00a0\u00bbcenter\u00a0\u00bb link=\u00a0\u00bburl:%23intro\u00a0\u00bb css=\u00a0\u00bb.vc_custom_1622730736208{margin-bottom: 0px !important;}\u00a0\u00bb]<\/div><\/div><\/div><\/div><div class=\"vc_col-sm-5 wpb_column vc_column_container\"><div class=\"vc_column-inner\"><div class=\"wpb_wrapper\"><\/div><\/div><\/div><\/div><\/div><\/section><section class=\"l-section wpb_row height_medium\" id=\"intro\"><div class=\"l-section-h i-cf\"><div class=\"g-cols vc_row via_flex valign_top type_default stacking_default\"><div class=\"vc_col-sm-8 wpb_column vc_column_container\"><div class=\"vc_column-inner\"><div class=\"wpb_wrapper\"><div class=\"wpb_text_column\"><div class=\"wpb_wrapper\"><h2>Exporter de l\u2019huile de moteur<\/h2>\n<\/div><\/div><div class=\"wpb_text_column\"><div class=\"wpb_wrapper\"><p>Les produits de Belco Motor Oil sont \u00e9galement disponibles pour l\u2019exportation. Vous pouvez utiliser notre label, ou un label enti\u00e8rement priv\u00e9. Belco est par exemple tr\u00e8s populaire en Afrique, o\u00f9 le caract\u00e8re familial de notre entreprise et nos services sont tr\u00e8s appr\u00e9ci\u00e9s. Nous insistons pour que seuls les meilleurs produits soient export\u00e9s. En effet, nous ne mettons pas les produits de moins bonne qualit\u00e9 \u00e0 disposition de l\u2019exportation pour distribuer ensuite nous-m\u00eame les produits leader localement. Tous les produits qui sortent de chez nous ont \u00e9t\u00e9 s\u00e9lectionn\u00e9s avec le plus grand soin.<\/p>\n<\/div><\/div><div class=\"wpb_text_column\"><div class=\"wpb_wrapper\"><h2>Une croissance internationale gr\u00e2ce \u00e0 l\u2019exportation<\/h2>\n<\/div><\/div><div class=\"wpb_text_column\"><div class=\"wpb_wrapper\"><p>Notre activit\u00e9 d\u2019exportation est compos\u00e9e de deux parties : D\u2019une part, nous exportons nous-m\u00eame nos produits vers une quarantaine de pays. Les acheteurs sur place distribuent ensuite les produits Belco parmi leurs propres clients. D\u2019autre part, il y a \u00e9galement un bon nombre de clients belges qui souhaitent exporter des produits d\u2019huile sous un label priv\u00e9.<\/p>\n<p>Gr\u00e2ce \u00e0 nos longues ann\u00e9es d\u2019expertise et \u00e0 nos prix tr\u00e8s int\u00e9ressants, nous pouvons proposer les meilleurs produits d\u2019huile moteur pour l\u2019exportation. Les clients peuvent d\u2019ailleurs \u00eatre pr\u00e9sents lorsque nous chargeons les containers.<\/p>\n<\/div><\/div><\/div><\/div><\/div><div class=\"vc_col-sm-4 wpb_column vc_column_container\"><div class=\"vc_column-inner\"><div class=\"wpb_wrapper\"><\/div><\/div><\/div><\/div><\/div><\/section><section class=\"l-section wpb_row height_auto\"><div class=\"l-section-h i-cf\"><div class=\"g-cols vc_row via_flex valign_top type_default stacking_default\"><div class=\"vc_col-sm-3 wpb_column vc_column_container\"><div class=\"vc_column-inner\"><div class=\"wpb_wrapper\"><\/div><\/div><\/div><div class=\"vc_col-sm-1 wpb_column vc_column_container h500 has_bg_color stretched\"><div class=\"vc_column-inner us_custom_96b0d6f5\"><div class=\"wpb_wrapper\"><\/div><\/div><\/div><\/div><\/div><\/section><section class=\"l-section wpb_row us_custom_4e0cc4c3 orangeleftmini height_auto\"><div class=\"l-section-h i-cf\"><div class=\"g-cols vc_row via_flex valign_top type_default stacking_default\"><div class=\"vc_col-sm-3 wpb_column vc_column_container has_bg_color\"><div class=\"vc_column-inner us_custom_c6f6245f\"><div class=\"wpb_wrapper\"><div class=\"wpb_text_column us_custom_6df4bc3a has_text_color\"><div class=\"wpb_wrapper\"><h2>Pourquoi l\u2019exportation\u00a0?<\/h2>\n<\/div><\/div><\/div><\/div><\/div><div class=\"vc_col-sm-1 wpb_column vc_column_container\"><div class=\"vc_column-inner\"><div class=\"wpb_wrapper\"><\/div><\/div><\/div><div class=\"vc_col-sm-4 wpb_column vc_column_container\"><div class=\"vc_column-inner\"><div class=\"wpb_wrapper\"><div class=\"w-iconbox homeiconbox iconpos_top style_default color_primary align_left no_text icontype_img\"><div class=\"w-iconbox-icon\" style=\"font-size:100px;\"><img loading=\"lazy\" decoding=\"async\" width=\"130\" height=\"130\" src=\"https:\/\/belcomotoroil.com\/wp-content\/uploads\/2020\/07\/AMerk-O.png\" class=\"attachment-full size-full\" alt=\"\" \/><\/div><div class=\"w-iconbox-meta\"><span class=\"w-iconbox-title\" style=\"font-size:28px;\">Aussi bon qu\u2019une marque leader<\/span><\/div><\/div><\/div><\/div><\/div><div class=\"vc_col-sm-4 wpb_column vc_column_container\"><div class=\"vc_column-inner\"><div class=\"wpb_wrapper\"><div class=\"w-iconbox homeiconbox iconpos_top style_default color_primary align_left no_text icontype_img\"><div class=\"w-iconbox-icon\" style=\"font-size:100px;\"><img loading=\"lazy\" decoding=\"async\" width=\"130\" height=\"130\" src=\"https:\/\/belcomotoroil.com\/wp-content\/uploads\/2020\/07\/Bereikbaar-Z.png\" class=\"attachment-full size-full\" alt=\"\" \/><\/div><div class=\"w-iconbox-meta\"><span class=\"w-iconbox-title\" style=\"font-size:28px;\">Toujours joignables<\/span><\/div><\/div><\/div><\/div><\/div><\/div><\/div><\/section><section class=\"l-section wpb_row us_custom_72fc42ef height_auto\"><div class=\"l-section-h i-cf\"><div class=\"g-cols vc_row via_flex valign_top type_default stacking_default\"><div class=\"vc_col-sm-4 wpb_column vc_column_container\"><div class=\"vc_column-inner\"><div class=\"wpb_wrapper\"><\/div><\/div><\/div><div class=\"vc_col-sm-4 wpb_column vc_column_container\"><div class=\"vc_column-inner\"><div class=\"wpb_wrapper\"><div class=\"w-iconbox homeiconbox iconpos_top style_default color_primary align_left no_text icontype_img\"><div class=\"w-iconbox-icon\" style=\"font-size:100px;\"><img loading=\"lazy\" decoding=\"async\" width=\"130\" height=\"130\" src=\"https:\/\/belcomotoroil.com\/wp-content\/uploads\/2020\/07\/Familiaal-Z.png\" class=\"attachment-full size-full\" alt=\"\" \/><\/div><div class=\"w-iconbox-meta\"><span class=\"w-iconbox-title\" style=\"font-size:28px;\">Coop\u00e9ration familiale<\/span><\/div><\/div><\/div><\/div><\/div><div class=\"vc_col-sm-4 wpb_column vc_column_container\"><div class=\"vc_column-inner\"><div class=\"wpb_wrapper\"><div class=\"w-iconbox homeiconbox iconpos_top style_default color_primary align_left no_text icontype_img\"><div class=\"w-iconbox-icon\" style=\"font-size:100px;\"><img loading=\"lazy\" decoding=\"async\" width=\"130\" height=\"130\" src=\"https:\/\/belcomotoroil.com\/wp-content\/uploads\/2020\/07\/Laden-O.png\" class=\"attachment-full size-full\" alt=\"\" \/><\/div><div class=\"w-iconbox-meta\"><span class=\"w-iconbox-title\" style=\"font-size:28px;\">Pr\u00e9sence lors du chargement<\/span><\/div><\/div><\/div><\/div><\/div><\/div><\/div><\/section><section class=\"l-section wpb_row us_custom_edd6783e blackright height_auto\"><div class=\"l-section-h i-cf\"><div class=\"g-cols vc_row via_flex valign_top type_boxes stacking_default\"><div class=\"vc_col-sm-6 wpb_column vc_column_container imgheightmobile has_bg_color\"><div class=\"vc_column-inner us_custom_843e6d2b\"><div class=\"wpb_wrapper\"><\/div><\/div><\/div><div class=\"vc_col-sm-6 wpb_column vc_column_container has_bg_color\"><div class=\"vc_column-inner us_custom_623ba360\"><div class=\"wpb_wrapper\"><div class=\"wpb_text_column us_custom_6df4bc3a has_text_color\"><div class=\"wpb_wrapper\"><h2>Cr\u00e9ez votre label priv\u00e9 pour l\u2019exportation<\/h2>\n<\/div><\/div><div class=\"wpb_text_column us_custom_6df4bc3a has_text_color\"><div class=\"wpb_wrapper\"><p>Belco Motor Oil s\u2019est construit une tr\u00e8s large expertise tant au niveau du label priv\u00e9 que de l\u2019exportation. Pour cette raison, nous pouvons parfaitement proposer et combiner les deux.<\/p>\n<\/div><\/div><div class=\"w-btn-wrapper align_none\"><a class=\"w-btn us-btn-style_1\" title=\"Private label\" href=\"http:\/\/belcomotoroil.com\/fr\/services\/label-prive\/\"><span class=\"w-btn-label\">En savoir plus sur le label priv\u00e9<\/span><\/a><\/div><\/div><\/div><\/div><\/div><\/div><\/section>\n","protected":false},"excerpt":{"rendered":"Exportation [vc_raw_html el_class=\"breadpad3\" css=\"%7B%22default%22%3A%7B%22margin-left%22%3A%225vw%22%7D%7D\"]JTVCd3BzZW9fYnJlYWRjcnVtYiU1RA==[\/vc_raw_html]Contactez-nous[vc_icon icon_fontawesome=\"fas fa-angle-double-down\" color=\"white\" align=\"center\" link=\"url:%23intro\" css=\".vc_custom_1622730736208{margin-bottom: 0px !important;}\"]Exporter de l\u2019huile de moteur Les produits de Belco Motor Oil sont \u00e9galement disponibles pour l\u2019exportation. Vous pouvez utiliser notre label, ou un label enti\u00e8rement priv\u00e9. Belco est par exemple tr\u00e8s populaire en Afrique, o\u00f9 le caract\u00e8re familial de notre entreprise et nos services...","protected":false},"author":1,"featured_media":0,"parent":723,"menu_order":1,"comment_status":"closed","ping_status":"closed","template":"","meta":{"_acf_changed":false,"footnotes":""},"categories":[],"tags":[],"class_list":["post-731","page","type-page","status-publish","hentry"],"acf":[],"yoast_head":"<!-- This site is optimized with the Yoast SEO plugin v26.4 - https:\/\/yoast.com\/wordpress\/plugins\/seo\/ -->\n<title>Exporter de l\u2019huile de moteur | Belco Motor Oil<\/title>\n<meta name=\"description\" content=\"Belco Motor Oil exporte des produits d\u2019huile vers une quarantaine de pays dans le monde et continue de cro\u00eetre. Vous pouvez exporter nos produits sous notre nom ou sous un label priv\u00e9.\" \/>\n<meta name=\"robots\" content=\"index, follow, max-snippet:-1, max-image-preview:large, max-video-preview:-1\" \/>\n<link rel=\"canonical\" href=\"https:\/\/belcomotoroil.com\/fr\/services\/exportation\/\" \/>\n<meta property=\"og:locale\" content=\"fr_FR\" \/>\n<meta property=\"og:type\" content=\"article\" \/>\n<meta property=\"og:title\" content=\"Exporter de l\u2019huile de moteur | Belco Motor Oil\" \/>\n<meta property=\"og:description\" content=\"Belco Motor Oil exporte des produits d\u2019huile vers une quarantaine de pays dans le monde et continue de cro\u00eetre. Vous pouvez exporter nos produits sous notre nom ou sous un label priv\u00e9.\" \/>\n<meta property=\"og:url\" content=\"https:\/\/belcomotoroil.com\/fr\/services\/exportation\/\" \/>\n<meta property=\"og:site_name\" content=\"Belco motor oil\" \/>\n<meta property=\"article:modified_time\" content=\"2021-06-08T08:04:41+00:00\" \/>\n<meta name=\"twitter:card\" content=\"summary_large_image\" \/>\n<meta name=\"twitter:label1\" content=\"Dur\u00e9e de lecture est.\" \/>\n\t<meta name=\"twitter:data1\" content=\"2 minutes\" \/>\n<script type=\"application\/ld+json\" class=\"yoast-schema-graph\">{\"@context\":\"https:\/\/schema.org\",\"@graph\":[{\"@type\":\"WebPage\",\"@id\":\"https:\/\/belcomotoroil.com\/fr\/services\/exportation\/\",\"url\":\"https:\/\/belcomotoroil.com\/fr\/services\/exportation\/\",\"name\":\"Exporter de l\u2019huile de moteur | Belco Motor Oil\",\"isPartOf\":{\"@id\":\"https:\/\/belcomotoroil.com\/fr\/#website\"},\"datePublished\":\"2020-06-30T08:20:07+00:00\",\"dateModified\":\"2021-06-08T08:04:41+00:00\",\"description\":\"Belco Motor Oil exporte des produits d\u2019huile vers une quarantaine de pays dans le monde et continue de cro\u00eetre. Vous pouvez exporter nos produits sous notre nom ou sous un label priv\u00e9.\",\"breadcrumb\":{\"@id\":\"https:\/\/belcomotoroil.com\/fr\/services\/exportation\/#breadcrumb\"},\"inLanguage\":\"fr-BE\",\"potentialAction\":[{\"@type\":\"ReadAction\",\"target\":[\"https:\/\/belcomotoroil.com\/fr\/services\/exportation\/\"]}]},{\"@type\":\"BreadcrumbList\",\"@id\":\"https:\/\/belcomotoroil.com\/fr\/services\/exportation\/#breadcrumb\",\"itemListElement\":[{\"@type\":\"ListItem\",\"position\":1,\"name\":\"Home\",\"item\":\"https:\/\/belcomotoroil.com\/fr\/home\/\"},{\"@type\":\"ListItem\",\"position\":2,\"name\":\"Services\",\"item\":\"https:\/\/belcomotoroil.com\/fr\/services\/\"},{\"@type\":\"ListItem\",\"position\":3,\"name\":\"Exportation\"}]},{\"@type\":\"WebSite\",\"@id\":\"https:\/\/belcomotoroil.com\/fr\/#website\",\"url\":\"https:\/\/belcomotoroil.com\/fr\/\",\"name\":\"Belco motor oil\",\"description\":\"\",\"potentialAction\":[{\"@type\":\"SearchAction\",\"target\":{\"@type\":\"EntryPoint\",\"urlTemplate\":\"https:\/\/belcomotoroil.com\/fr\/?s={search_term_string}\"},\"query-input\":{\"@type\":\"PropertyValueSpecification\",\"valueRequired\":true,\"valueName\":\"search_term_string\"}}],\"inLanguage\":\"fr-BE\"}]}<\/script>\n<!-- \/ Yoast SEO plugin. -->","yoast_head_json":{"title":"Exporter de l\u2019huile de moteur | Belco Motor Oil","description":"Belco Motor Oil exporte des produits d\u2019huile vers une quarantaine de pays dans le monde et continue de cro\u00eetre. Vous pouvez exporter nos produits sous notre nom ou sous un label priv\u00e9.","robots":{"index":"index","follow":"follow","max-snippet":"max-snippet:-1","max-image-preview":"max-image-preview:large","max-video-preview":"max-video-preview:-1"},"canonical":"https:\/\/belcomotoroil.com\/fr\/services\/exportation\/","og_locale":"fr_FR","og_type":"article","og_title":"Exporter de l\u2019huile de moteur | Belco Motor Oil","og_description":"Belco Motor Oil exporte des produits d\u2019huile vers une quarantaine de pays dans le monde et continue de cro\u00eetre. Vous pouvez exporter nos produits sous notre nom ou sous un label priv\u00e9.","og_url":"https:\/\/belcomotoroil.com\/fr\/services\/exportation\/","og_site_name":"Belco motor oil","article_modified_time":"2021-06-08T08:04:41+00:00","twitter_card":"summary_large_image","twitter_misc":{"Dur\u00e9e de lecture est.":"2 minutes"},"schema":{"@context":"https:\/\/schema.org","@graph":[{"@type":"WebPage","@id":"https:\/\/belcomotoroil.com\/fr\/services\/exportation\/","url":"https:\/\/belcomotoroil.com\/fr\/services\/exportation\/","name":"Exporter de l\u2019huile de moteur | Belco Motor Oil","isPartOf":{"@id":"https:\/\/belcomotoroil.com\/fr\/#website"},"datePublished":"2020-06-30T08:20:07+00:00","dateModified":"2021-06-08T08:04:41+00:00","description":"Belco Motor Oil exporte des produits d\u2019huile vers une quarantaine de pays dans le monde et continue de cro\u00eetre. Vous pouvez exporter nos produits sous notre nom ou sous un label priv\u00e9.","breadcrumb":{"@id":"https:\/\/belcomotoroil.com\/fr\/services\/exportation\/#breadcrumb"},"inLanguage":"fr-BE","potentialAction":[{"@type":"ReadAction","target":["https:\/\/belcomotoroil.com\/fr\/services\/exportation\/"]}]},{"@type":"BreadcrumbList","@id":"https:\/\/belcomotoroil.com\/fr\/services\/exportation\/#breadcrumb","itemListElement":[{"@type":"ListItem","position":1,"name":"Home","item":"https:\/\/belcomotoroil.com\/fr\/home\/"},{"@type":"ListItem","position":2,"name":"Services","item":"https:\/\/belcomotoroil.com\/fr\/services\/"},{"@type":"ListItem","position":3,"name":"Exportation"}]},{"@type":"WebSite","@id":"https:\/\/belcomotoroil.com\/fr\/#website","url":"https:\/\/belcomotoroil.com\/fr\/","name":"Belco motor oil","description":"","potentialAction":[{"@type":"SearchAction","target":{"@type":"EntryPoint","urlTemplate":"https:\/\/belcomotoroil.com\/fr\/?s={search_term_string}"},"query-input":{"@type":"PropertyValueSpecification","valueRequired":true,"valueName":"search_term_string"}}],"inLanguage":"fr-BE"}]}},"_links":{"self":[{"href":"https:\/\/belcomotoroil.com\/fr\/wp-json\/wp\/v2\/pages\/731","targetHints":{"allow":["GET"]}}],"collection":[{"href":"https:\/\/belcomotoroil.com\/fr\/wp-json\/wp\/v2\/pages"}],"about":[{"href":"https:\/\/belcomotoroil.com\/fr\/wp-json\/wp\/v2\/types\/page"}],"author":[{"embeddable":true,"href":"https:\/\/belcomotoroil.com\/fr\/wp-json\/wp\/v2\/users\/1"}],"replies":[{"embeddable":true,"href":"https:\/\/belcomotoroil.com\/fr\/wp-json\/wp\/v2\/comments?post=731"}],"version-history":[{"count":6,"href":"https:\/\/belcomotoroil.com\/fr\/wp-json\/wp\/v2\/pages\/731\/revisions"}],"predecessor-version":[{"id":2227,"href":"https:\/\/belcomotoroil.com\/fr\/wp-json\/wp\/v2\/pages\/731\/revisions\/2227"}],"up":[{"embeddable":true,"href":"https:\/\/belcomotoroil.com\/fr\/wp-json\/wp\/v2\/pages\/723"}],"wp:attachment":[{"href":"https:\/\/belcomotoroil.com\/fr\/wp-json\/wp\/v2\/media?parent=731"}],"wp:term":[{"taxonomy":"category","embeddable":true,"href":"https:\/\/belcomotoroil.com\/fr\/wp-json\/wp\/v2\/categories?post=731"},{"taxonomy":"post_tag","embeddable":true,"href":"https:\/\/belcomotoroil.com\/fr\/wp-json\/wp\/v2\/tags?post=731"}],"curies":[{"name":"wp","href":"https:\/\/api.w.org\/{rel}","templated":true}]}}