{"id":773,"date":"2020-07-07T08:22:58","date_gmt":"2020-07-07T08:22:58","guid":{"rendered":"http:\/\/belcomotoroil.com\/entreprise\/algemeen\/"},"modified":"2021-06-08T08:05:36","modified_gmt":"2021-06-08T08:05:36","slug":"generalites","status":"publish","type":"page","link":"https:\/\/belcomotoroil.com\/fr\/entreprise\/generalites\/","title":{"rendered":"G\u00c9N\u00c9RALIT\u00c9S"},"content":{"rendered":"<section class=\"l-section wpb_row toprowhome height_medium full_height valign_top width_full with_img\"><div class=\"l-section-img\" role=\"img\" aria-label=\"Belco Motor Oil voor uw machinepark\" data-img-width=\"2000\" data-img-height=\"1335\" style=\"background-image: url(https:\/\/belcomotoroil.com\/wp-content\/uploads\/2020\/06\/RVB4150.jpg);background-repeat: no-repeat;\"><\/div><div class=\"l-section-h i-cf\"><div class=\"g-cols vc_row via_flex valign_bottom type_default stacking_default\"><div class=\"vc_col-sm-12 wpb_column vc_column_container\"><div class=\"vc_column-inner\"><div class=\"wpb_wrapper\"><div class=\"w-image logohomecover align_center\"><a href=\"\/fr\/\" aria-label=\"belco-logo\" class=\"w-image-h\"><img decoding=\"async\" width=\"146\" height=\"145\" src=\"https:\/\/belcomotoroil.com\/wp-content\/uploads\/2020\/06\/belco-logo.png\" class=\"attachment-large size-large\" alt=\"\" loading=\"lazy\" \/><\/a><\/div><\/div><\/div><\/div><div class=\"vc_col-sm-12 wpb_column vc_column_container\"><div class=\"vc_column-inner\"><div class=\"wpb_wrapper\"><div class=\"wpb_text_column\"><div class=\"wpb_wrapper\"><h1>G\u00e9n\u00e9ralit\u00e9s<\/h1>\n<\/div><\/div><\/div><\/div><\/div><\/div><\/div><\/section><section class=\"l-section wpb_row blackbar height_auto width_full\"><div class=\"l-section-h i-cf\"><div class=\"g-cols vc_row via_flex valign_middle type_default stacking_default\"><div class=\"vc_col-sm-7 wpb_column vc_column_container bar has_bg_color\"><div class=\"vc_column-inner us_custom_623ba360\"><div class=\"wpb_wrapper\">[vc_raw_html el_class=\u00a0\u00bbbreadpad3&Prime; css=\u00a0\u00bb%7B%22default%22%3A%7B%22margin-left%22%3A%225vw%22%7D%7D\u00a0\u00bb]JTVCd3BzZW9fYnJlYWRjcnVtYiU1RA==[\/vc_raw_html]<div class=\"w-hwrapper barcontactwrap valign_middle align_none\"><div class=\"w-btn-wrapper align_none\"><a class=\"w-btn us-btn-style_4\" title=\"Contact\" href=\"https:\/\/belcomotoroil.com\/fr\/info\/contact\/\"><span class=\"w-btn-label\">Contactez-nous<\/span><\/a><\/div>[vc_icon icon_fontawesome=\u00a0\u00bbfas fa-angle-double-down\u00a0\u00bb color=\u00a0\u00bbwhite\u00a0\u00bb align=\u00a0\u00bbcenter\u00a0\u00bb link=\u00a0\u00bburl:%23intro\u00a0\u00bb css=\u00a0\u00bb.vc_custom_1622730736208{margin-bottom: 0px !important;}\u00a0\u00bb]<\/div><\/div><\/div><\/div><div class=\"vc_col-sm-5 wpb_column vc_column_container\"><div class=\"vc_column-inner\"><div class=\"wpb_wrapper\"><\/div><\/div><\/div><\/div><\/div><\/section><section class=\"l-section wpb_row height_medium\" id=\"intro\"><div class=\"l-section-h i-cf\"><div class=\"g-cols vc_row via_flex valign_top type_default stacking_default\"><div class=\"vc_col-sm-6 wpb_column vc_column_container\"><div class=\"vc_column-inner\"><div class=\"wpb_wrapper\"><div class=\"wpb_text_column\"><div class=\"wpb_wrapper\"><h2>\u00c0 propos de nous<\/h2>\n<\/div><\/div><div class=\"wpb_text_column\"><div class=\"wpb_wrapper\"><p>Belco Motor Oil fut fond\u00e9e en 1947 par les quatre fr\u00e8res Verhoeven, peu apr\u00e8s la Deuxi\u00e8me Guerre mondiale. Ils ont apport\u00e9 une r\u00e9ponse face \u00e0 la p\u00e9nurie d\u2019huile et la mont\u00e9e de l\u2019industrie p\u00e9trochimique dans le port d&rsquo;Anvers. L\u2019entreprise a connu une croissance constante et leurs fils et un neveu ont repris le flambeau.\u00a0 Entre-temps, plus de 70 ans se sont \u00e9coul\u00e9s et les deuxi\u00e8me et troisi\u00e8me g\u00e9n\u00e9rations sont ensemble aux commandes : les petits-fils Tom, Tim et Kris ainsi que leurs oncles Luc et Jan sont le c\u0153ur battant de Belco Motor Oil.<\/p>\n<\/div><\/div><\/div><\/div><\/div><div class=\"vc_col-sm-6 wpb_column vc_column_container\"><div class=\"vc_column-inner\"><div class=\"wpb_wrapper\"><\/div><\/div><\/div><\/div><\/div><\/section><section class=\"l-section wpb_row us_custom_edd6783e blackright height_auto\"><div class=\"l-section-h i-cf\"><div class=\"g-cols vc_row via_flex valign_top type_boxes stacking_default\"><div class=\"vc_col-sm-6 wpb_column vc_column_container imgheightmobile has_bg_color\"><div class=\"vc_column-inner us_custom_7f87f46b\"><div class=\"wpb_wrapper\"><\/div><\/div><\/div><div class=\"vc_col-sm-6 wpb_column vc_column_container has_bg_color\"><div class=\"vc_column-inner us_custom_623ba360\"><div class=\"wpb_wrapper\"><div class=\"wpb_text_column us_custom_6df4bc3a has_text_color\"><div class=\"wpb_wrapper\"><h2>Une passion pour l\u2019huile de moteur<\/h2>\n<\/div><\/div><div class=\"wpb_text_column us_custom_6df4bc3a has_text_color\"><div class=\"wpb_wrapper\"><p>Ils ont ce m\u00e9tier dans le sang, pour ainsi dire. Il va donc de soi que la passion pour l\u2019huile de moteur, les graisses et produits similaires est encore si pr\u00e9sente dans la famille. Notre ambition est de continuer \u00e0 repr\u00e9senter notre marque et de pr\u00e9f\u00e9rence continuer de la faire cro\u00eetre.<\/p>\n<p>Gr\u00e2ce \u00e0 l\u2019exp\u00e9rience et \u00e0 l\u2019expertise acquises, ainsi qu\u2019aux relations de longue date avec les producteurs, nous disposons non seulement d\u2019une incroyable connaissance du march\u00e9 de l\u2019huile, mais nous pouvons aussi garantir la meilleure qualit\u00e9 au prix le plus bas. Nous insistons pour vendre uniquement de l\u2019huile europ\u00e9enne et pour ce qui est de la qualit\u00e9, nous sommes au m\u00eame niveau que les grandes marques leader.<\/p>\n<\/div><\/div><div class=\"w-btn-wrapper align_none\"><a class=\"w-btn us-btn-style_1\" title=\"Werkwijze\" href=\"http:\/\/belcomotoroil.com\/fr\/entreprise\/procedure\/\"><span class=\"w-btn-label\">D\u00e9couvrez nos proc\u00e9dures<\/span><\/a><\/div><\/div><\/div><\/div><\/div><\/div><\/section>\n","protected":false},"excerpt":{"rendered":"G\u00e9n\u00e9ralit\u00e9s [vc_raw_html el_class=\"breadpad3\" css=\"%7B%22default%22%3A%7B%22margin-left%22%3A%225vw%22%7D%7D\"]JTVCd3BzZW9fYnJlYWRjcnVtYiU1RA==[\/vc_raw_html]Contactez-nous[vc_icon icon_fontawesome=\"fas fa-angle-double-down\" color=\"white\" align=\"center\" link=\"url:%23intro\" css=\".vc_custom_1622730736208{margin-bottom: 0px !important;}\"]\u00c0 propos de nous Belco Motor Oil fut fond\u00e9e en 1947 par les quatre fr\u00e8res Verhoeven, peu apr\u00e8s la Deuxi\u00e8me Guerre mondiale. Ils ont apport\u00e9 une r\u00e9ponse face \u00e0 la p\u00e9nurie d\u2019huile et la mont\u00e9e de l\u2019industrie p\u00e9trochimique dans le port d&rsquo;Anvers. L\u2019entreprise a...","protected":false},"author":1,"featured_media":0,"parent":770,"menu_order":0,"comment_status":"closed","ping_status":"closed","template":"","meta":{"_acf_changed":false,"footnotes":""},"categories":[],"tags":[],"class_list":["post-773","page","type-page","status-publish","hentry"],"acf":[],"yoast_head":"<!-- This site is optimized with the Yoast SEO plugin v26.4 - https:\/\/yoast.com\/wordpress\/plugins\/seo\/ -->\n<title>\u00c0 propos de nous | Belco Motor Oil<\/title>\n<meta name=\"description\" content=\"Belco Motor Oil fut fond\u00e9e en 1947 et est au jour d&#039;aujourd&#039;hui toujours dirig\u00e9e par la famille Verhoeven. Notre riche histoire fait de nous le partenaire id\u00e9al en mati\u00e8re d\u2019huile.\" \/>\n<meta name=\"robots\" content=\"index, follow, max-snippet:-1, max-image-preview:large, max-video-preview:-1\" \/>\n<link rel=\"canonical\" href=\"https:\/\/belcomotoroil.com\/fr\/entreprise\/generalites\/\" \/>\n<meta property=\"og:locale\" content=\"fr_FR\" \/>\n<meta property=\"og:type\" content=\"article\" \/>\n<meta property=\"og:title\" content=\"\u00c0 propos de nous | Belco Motor Oil\" \/>\n<meta property=\"og:description\" content=\"Belco Motor Oil fut fond\u00e9e en 1947 et est au jour d&#039;aujourd&#039;hui toujours dirig\u00e9e par la famille Verhoeven. Notre riche histoire fait de nous le partenaire id\u00e9al en mati\u00e8re d\u2019huile.\" \/>\n<meta property=\"og:url\" content=\"https:\/\/belcomotoroil.com\/fr\/entreprise\/generalites\/\" \/>\n<meta property=\"og:site_name\" content=\"Belco motor oil\" \/>\n<meta property=\"article:modified_time\" content=\"2021-06-08T08:05:36+00:00\" \/>\n<meta name=\"twitter:card\" content=\"summary_large_image\" \/>\n<meta name=\"twitter:label1\" content=\"Dur\u00e9e de lecture est.\" \/>\n\t<meta name=\"twitter:data1\" content=\"2 minutes\" \/>\n<script type=\"application\/ld+json\" class=\"yoast-schema-graph\">{\"@context\":\"https:\/\/schema.org\",\"@graph\":[{\"@type\":\"WebPage\",\"@id\":\"https:\/\/belcomotoroil.com\/fr\/entreprise\/generalites\/\",\"url\":\"https:\/\/belcomotoroil.com\/fr\/entreprise\/generalites\/\",\"name\":\"\u00c0 propos de nous | Belco Motor Oil\",\"isPartOf\":{\"@id\":\"https:\/\/belcomotoroil.com\/fr\/#website\"},\"datePublished\":\"2020-07-07T08:22:58+00:00\",\"dateModified\":\"2021-06-08T08:05:36+00:00\",\"description\":\"Belco Motor Oil fut fond\u00e9e en 1947 et est au jour d'aujourd'hui toujours dirig\u00e9e par la famille Verhoeven. Notre riche histoire fait de nous le partenaire id\u00e9al en mati\u00e8re d\u2019huile.\",\"breadcrumb\":{\"@id\":\"https:\/\/belcomotoroil.com\/fr\/entreprise\/generalites\/#breadcrumb\"},\"inLanguage\":\"fr-BE\",\"potentialAction\":[{\"@type\":\"ReadAction\",\"target\":[\"https:\/\/belcomotoroil.com\/fr\/entreprise\/generalites\/\"]}]},{\"@type\":\"BreadcrumbList\",\"@id\":\"https:\/\/belcomotoroil.com\/fr\/entreprise\/generalites\/#breadcrumb\",\"itemListElement\":[{\"@type\":\"ListItem\",\"position\":1,\"name\":\"Home\",\"item\":\"https:\/\/belcomotoroil.com\/fr\/home\/\"},{\"@type\":\"ListItem\",\"position\":2,\"name\":\"Entreprise\",\"item\":\"https:\/\/belcomotoroil.com\/fr\/entreprise\/\"},{\"@type\":\"ListItem\",\"position\":3,\"name\":\"G\u00c9N\u00c9RALIT\u00c9S\"}]},{\"@type\":\"WebSite\",\"@id\":\"https:\/\/belcomotoroil.com\/fr\/#website\",\"url\":\"https:\/\/belcomotoroil.com\/fr\/\",\"name\":\"Belco motor oil\",\"description\":\"\",\"potentialAction\":[{\"@type\":\"SearchAction\",\"target\":{\"@type\":\"EntryPoint\",\"urlTemplate\":\"https:\/\/belcomotoroil.com\/fr\/?s={search_term_string}\"},\"query-input\":{\"@type\":\"PropertyValueSpecification\",\"valueRequired\":true,\"valueName\":\"search_term_string\"}}],\"inLanguage\":\"fr-BE\"}]}<\/script>\n<!-- \/ Yoast SEO plugin. -->","yoast_head_json":{"title":"\u00c0 propos de nous | Belco Motor Oil","description":"Belco Motor Oil fut fond\u00e9e en 1947 et est au jour d'aujourd'hui toujours dirig\u00e9e par la famille Verhoeven. Notre riche histoire fait de nous le partenaire id\u00e9al en mati\u00e8re d\u2019huile.","robots":{"index":"index","follow":"follow","max-snippet":"max-snippet:-1","max-image-preview":"max-image-preview:large","max-video-preview":"max-video-preview:-1"},"canonical":"https:\/\/belcomotoroil.com\/fr\/entreprise\/generalites\/","og_locale":"fr_FR","og_type":"article","og_title":"\u00c0 propos de nous | Belco Motor Oil","og_description":"Belco Motor Oil fut fond\u00e9e en 1947 et est au jour d'aujourd'hui toujours dirig\u00e9e par la famille Verhoeven. Notre riche histoire fait de nous le partenaire id\u00e9al en mati\u00e8re d\u2019huile.","og_url":"https:\/\/belcomotoroil.com\/fr\/entreprise\/generalites\/","og_site_name":"Belco motor oil","article_modified_time":"2021-06-08T08:05:36+00:00","twitter_card":"summary_large_image","twitter_misc":{"Dur\u00e9e de lecture est.":"2 minutes"},"schema":{"@context":"https:\/\/schema.org","@graph":[{"@type":"WebPage","@id":"https:\/\/belcomotoroil.com\/fr\/entreprise\/generalites\/","url":"https:\/\/belcomotoroil.com\/fr\/entreprise\/generalites\/","name":"\u00c0 propos de nous | Belco Motor Oil","isPartOf":{"@id":"https:\/\/belcomotoroil.com\/fr\/#website"},"datePublished":"2020-07-07T08:22:58+00:00","dateModified":"2021-06-08T08:05:36+00:00","description":"Belco Motor Oil fut fond\u00e9e en 1947 et est au jour d'aujourd'hui toujours dirig\u00e9e par la famille Verhoeven. Notre riche histoire fait de nous le partenaire id\u00e9al en mati\u00e8re d\u2019huile.","breadcrumb":{"@id":"https:\/\/belcomotoroil.com\/fr\/entreprise\/generalites\/#breadcrumb"},"inLanguage":"fr-BE","potentialAction":[{"@type":"ReadAction","target":["https:\/\/belcomotoroil.com\/fr\/entreprise\/generalites\/"]}]},{"@type":"BreadcrumbList","@id":"https:\/\/belcomotoroil.com\/fr\/entreprise\/generalites\/#breadcrumb","itemListElement":[{"@type":"ListItem","position":1,"name":"Home","item":"https:\/\/belcomotoroil.com\/fr\/home\/"},{"@type":"ListItem","position":2,"name":"Entreprise","item":"https:\/\/belcomotoroil.com\/fr\/entreprise\/"},{"@type":"ListItem","position":3,"name":"G\u00c9N\u00c9RALIT\u00c9S"}]},{"@type":"WebSite","@id":"https:\/\/belcomotoroil.com\/fr\/#website","url":"https:\/\/belcomotoroil.com\/fr\/","name":"Belco motor oil","description":"","potentialAction":[{"@type":"SearchAction","target":{"@type":"EntryPoint","urlTemplate":"https:\/\/belcomotoroil.com\/fr\/?s={search_term_string}"},"query-input":{"@type":"PropertyValueSpecification","valueRequired":true,"valueName":"search_term_string"}}],"inLanguage":"fr-BE"}]}},"_links":{"self":[{"href":"https:\/\/belcomotoroil.com\/fr\/wp-json\/wp\/v2\/pages\/773","targetHints":{"allow":["GET"]}}],"collection":[{"href":"https:\/\/belcomotoroil.com\/fr\/wp-json\/wp\/v2\/pages"}],"about":[{"href":"https:\/\/belcomotoroil.com\/fr\/wp-json\/wp\/v2\/types\/page"}],"author":[{"embeddable":true,"href":"https:\/\/belcomotoroil.com\/fr\/wp-json\/wp\/v2\/users\/1"}],"replies":[{"embeddable":true,"href":"https:\/\/belcomotoroil.com\/fr\/wp-json\/wp\/v2\/comments?post=773"}],"version-history":[{"count":6,"href":"https:\/\/belcomotoroil.com\/fr\/wp-json\/wp\/v2\/pages\/773\/revisions"}],"predecessor-version":[{"id":2234,"href":"https:\/\/belcomotoroil.com\/fr\/wp-json\/wp\/v2\/pages\/773\/revisions\/2234"}],"up":[{"embeddable":true,"href":"https:\/\/belcomotoroil.com\/fr\/wp-json\/wp\/v2\/pages\/770"}],"wp:attachment":[{"href":"https:\/\/belcomotoroil.com\/fr\/wp-json\/wp\/v2\/media?parent=773"}],"wp:term":[{"taxonomy":"category","embeddable":true,"href":"https:\/\/belcomotoroil.com\/fr\/wp-json\/wp\/v2\/categories?post=773"},{"taxonomy":"post_tag","embeddable":true,"href":"https:\/\/belcomotoroil.com\/fr\/wp-json\/wp\/v2\/tags?post=773"}],"curies":[{"name":"wp","href":"https:\/\/api.w.org\/{rel}","templated":true}]}}