{"id":777,"date":"2020-07-07T08:22:58","date_gmt":"2020-07-07T08:22:58","guid":{"rendered":"http:\/\/belcomotoroil.com\/entreprise\/werkwijze\/"},"modified":"2021-06-08T08:05:43","modified_gmt":"2021-06-08T08:05:43","slug":"procedure","status":"publish","type":"page","link":"https:\/\/belcomotoroil.com\/fr\/entreprise\/procedure\/","title":{"rendered":"Proc\u00e9dure"},"content":{"rendered":"<section class=\"l-section wpb_row toprowhome height_medium full_height valign_top width_full with_img\"><div class=\"l-section-img\" role=\"img\" aria-label=\"Image\" data-img-width=\"2000\" data-img-height=\"1335\" style=\"background-image: url(https:\/\/belcomotoroil.com\/wp-content\/uploads\/2020\/07\/RVB4253.jpg);background-repeat: no-repeat;\"><\/div><div class=\"l-section-h i-cf\"><div class=\"g-cols vc_row via_flex valign_bottom type_default stacking_default\"><div class=\"vc_col-sm-12 wpb_column vc_column_container\"><div class=\"vc_column-inner\"><div class=\"wpb_wrapper\"><div class=\"w-image logohomecover align_center\"><a href=\"\/fr\/\" aria-label=\"belco-logo\" class=\"w-image-h\"><img decoding=\"async\" width=\"146\" height=\"145\" src=\"https:\/\/belcomotoroil.com\/wp-content\/uploads\/2020\/06\/belco-logo.png\" class=\"attachment-large size-large\" alt=\"\" loading=\"lazy\" \/><\/a><\/div><\/div><\/div><\/div><div class=\"vc_col-sm-12 wpb_column vc_column_container\"><div class=\"vc_column-inner\"><div class=\"wpb_wrapper\"><div class=\"wpb_text_column\"><div class=\"wpb_wrapper\"><h1>Proc\u00e9dure<\/h1>\n<\/div><\/div><\/div><\/div><\/div><\/div><\/div><\/section><section class=\"l-section wpb_row blackbar height_auto width_full\"><div class=\"l-section-h i-cf\"><div class=\"g-cols vc_row via_flex valign_middle type_default stacking_default\"><div class=\"vc_col-sm-7 wpb_column vc_column_container bar has_bg_color\"><div class=\"vc_column-inner us_custom_623ba360\"><div class=\"wpb_wrapper\">[vc_raw_html el_class=\u00a0\u00bbbreadpad3&Prime; css=\u00a0\u00bb%7B%22default%22%3A%7B%22margin-left%22%3A%225vw%22%7D%7D\u00a0\u00bb]JTVCd3BzZW9fYnJlYWRjcnVtYiU1RA==[\/vc_raw_html]<div class=\"w-hwrapper barcontactwrap valign_middle align_none\"><div class=\"w-btn-wrapper align_none\"><a class=\"w-btn us-btn-style_4\" title=\"Contact\" href=\"https:\/\/belcomotoroil.com\/fr\/info\/contact\/\"><span class=\"w-btn-label\">Contactez-nous<\/span><\/a><\/div>[vc_icon icon_fontawesome=\u00a0\u00bbfas fa-angle-double-down\u00a0\u00bb color=\u00a0\u00bbwhite\u00a0\u00bb align=\u00a0\u00bbcenter\u00a0\u00bb link=\u00a0\u00bburl:%23intro\u00a0\u00bb css=\u00a0\u00bb.vc_custom_1622730736208{margin-bottom: 0px !important;}\u00a0\u00bb]<\/div><\/div><\/div><\/div><div class=\"vc_col-sm-5 wpb_column vc_column_container\"><div class=\"vc_column-inner\"><div class=\"wpb_wrapper\"><\/div><\/div><\/div><\/div><\/div><\/section><section class=\"l-section wpb_row height_medium\" id=\"intro\"><div class=\"l-section-h i-cf\"><div class=\"g-cols vc_row via_flex valign_top type_default stacking_default\"><div class=\"vc_col-sm-6 wpb_column vc_column_container\"><div class=\"vc_column-inner\"><div class=\"wpb_wrapper\"><div class=\"wpb_text_column\"><div class=\"wpb_wrapper\"><p>Nous nous occupons de chaque client et de chaque commande avec le plus grand soin. C\u2019est clich\u00e9, mais chez nous la qualit\u00e9 et le service sont vraiment primordiaux. En plus, bien-s\u00fbr, du lien personnel et parfois familial que nous tissons avec nos clients.<\/p>\n<\/div><\/div><\/div><\/div><\/div><div class=\"vc_col-sm-6 wpb_column vc_column_container\"><div class=\"vc_column-inner\"><div class=\"wpb_wrapper\"><\/div><\/div><\/div><\/div><\/div><\/section><section class=\"l-section wpb_row height_auto\"><div class=\"l-section-h i-cf\"><div class=\"g-cols vc_row via_flex valign_top type_default stacking_default\"><div class=\"vc_col-sm-3 wpb_column vc_column_container\"><div class=\"vc_column-inner\"><div class=\"wpb_wrapper\"><\/div><\/div><\/div><div class=\"vc_col-sm-1 wpb_column vc_column_container h500 has_bg_color stretched\"><div class=\"vc_column-inner us_custom_9e88478a\"><div class=\"wpb_wrapper\"><\/div><\/div><\/div><\/div><\/div><\/section><section class=\"l-section wpb_row us_custom_4e0cc4c3 height_auto\"><div class=\"l-section-h i-cf\"><div class=\"g-cols vc_row via_flex valign_top type_default stacking_default\"><div class=\"vc_col-sm-6 wpb_column vc_column_container\"><div class=\"vc_column-inner\"><div class=\"wpb_wrapper\"><div class=\"w-iconbox homeiconbox iconpos_top style_default color_primary align_left icontype_img\"><div class=\"w-iconbox-icon\" style=\"font-size:100px;\"><img loading=\"lazy\" decoding=\"async\" width=\"130\" height=\"130\" src=\"https:\/\/belcomotoroil.com\/wp-content\/uploads\/2020\/07\/AMerk-O.png\" class=\"attachment-full size-full\" alt=\"\" \/><\/div><div class=\"w-iconbox-meta\"><span class=\"w-iconbox-title\" style=\"font-size:28px;\">Des produits de qualit\u00e9<\/span><div class=\"w-iconbox-text\"><p>Parmi notre stock de 300 produits, aucun ne provient d\u2019en dehors de l\u2019Europe. Nous croyons dur comme fer en la qualit\u00e9 des huiles europ\u00e9ennes et travaillons pour cette raison en tant que distributeur ind\u00e9pendant uniquement avec des raffineries europ\u00e9ennes. Aucune huile ne vient de Duba\u00ef, de Chine ou consorts. Notre large capacit\u00e9 de stockage de 180 000 litres nous permet de commander d&rsquo;importants volumes et donc de garantir le meilleur rapport qualit\u00e9-prix pour des produits de meilleure qualit\u00e9.<\/p>\n<\/div><\/div><\/div><\/div><\/div><\/div><div class=\"vc_col-sm-6 wpb_column vc_column_container\"><div class=\"vc_column-inner\"><div class=\"wpb_wrapper\"><div class=\"w-iconbox homeiconbox iconpos_top style_default color_primary align_left icontype_img\"><div class=\"w-iconbox-icon\" style=\"font-size:100px;\"><img loading=\"lazy\" decoding=\"async\" width=\"130\" height=\"130\" src=\"https:\/\/belcomotoroil.com\/wp-content\/uploads\/2020\/07\/SnelleLevering-Z.png\" class=\"attachment-full size-full\" alt=\"\" \/><\/div><div class=\"w-iconbox-meta\"><span class=\"w-iconbox-title\" style=\"font-size:28px;\">Service personnel et ultra rapide<\/span><div class=\"w-iconbox-text\"><p>Nous comprenons que les commandes d\u2019huile soient souvent urgentes. Le plus souvent, cela se passe lorsque le r\u00e9servoir est quasi vide. Ne vous en faites pas, il n\u2019est pas trop tard pour trouver une solution. De mani\u00e8re standard, nous livrons entre 4 et 5 jours ouvrables, deux fois plus vite que la majorit\u00e9 de nos coll\u00e8gues. Et vu que nous sommes une entreprise familiale, il est important pour nous d\u2019avoir un rapport personnel avec nos clients. Pouvoir demander lors d\u2019une conversation t\u00e9l\u00e9phonique comment vont les enfants nous procure une grande satisfaction.<\/p>\n<\/div><\/div><\/div><\/div><\/div><\/div><\/div><\/div><\/section><section class=\"l-section wpb_row us_custom_edd6783e blackright height_auto\"><div class=\"l-section-h i-cf\"><div class=\"g-cols vc_row via_flex valign_top type_boxes stacking_default\"><div class=\"vc_col-sm-6 wpb_column vc_column_container imgheightmobile has_bg_color\"><div class=\"vc_column-inner us_custom_8e08d3b7\"><div class=\"wpb_wrapper\"><\/div><\/div><\/div><div class=\"vc_col-sm-6 wpb_column vc_column_container has_bg_color\"><div class=\"vc_column-inner us_custom_623ba360\"><div class=\"wpb_wrapper\"><div class=\"wpb_text_column us_custom_6df4bc3a has_text_color\"><div class=\"wpb_wrapper\"><h2>Vous avez besoin d\u2019aide pour d\u00e9terminer le bon type d\u2019huile ou d\u00e9sirez une analyse de l\u2019huile ?<\/h2>\n<\/div><\/div><div class=\"wpb_text_column us_custom_6df4bc3a has_text_color\"><div class=\"wpb_wrapper\"><p>Vous n\u2019\u00eates pas s\u00fbr de quel type d\u2019huile votre moteur a besoin ? Il est tr\u00e8s important de faire tourner un moteur avec une huile qui r\u00e9pond aux normes de qualit\u00e9 les plus \u00e9lev\u00e9es. Faites-nous savoir quel moteur vous avez et ce que vous cherchez. Nous ferons de notre mieux pour vous fournir les bons produits au plus vite.<\/p>\n<p>Une analyse de l\u2019huile est n\u00e9cessaire lors de la r\u00e9vision de votre moteur ou pour votre assurance ? Demandez-le-nous. Nous proposons des analyses \u00e0 un tarif tr\u00e8s concurrentiel.<\/p>\n<\/div><\/div><div class=\"w-btn-wrapper align_none\"><a class=\"w-btn us-btn-style_1\" title=\"Contact\" href=\"http:\/\/belcomotoroil.com\/fr\/info\/contact\/\"><span class=\"w-btn-label\">Posez votre question<\/span><\/a><\/div><\/div><\/div><\/div><\/div><\/div><\/section>\n","protected":false},"excerpt":{"rendered":"Proc\u00e9dure [vc_raw_html el_class=\"breadpad3\" css=\"%7B%22default%22%3A%7B%22margin-left%22%3A%225vw%22%7D%7D\"]JTVCd3BzZW9fYnJlYWRjcnVtYiU1RA==[\/vc_raw_html]Contactez-nous[vc_icon icon_fontawesome=\"fas fa-angle-double-down\" color=\"white\" align=\"center\" link=\"url:%23intro\" css=\".vc_custom_1622730736208{margin-bottom: 0px !important;}\"]Nous nous occupons de chaque client et de chaque commande avec le plus grand soin. C\u2019est clich\u00e9, mais chez nous la qualit\u00e9 et le service sont vraiment primordiaux. En plus, bien-s\u00fbr, du lien personnel et parfois familial que nous tissons avec nos clients. Des...","protected":false},"author":1,"featured_media":0,"parent":770,"menu_order":1,"comment_status":"closed","ping_status":"closed","template":"","meta":{"_acf_changed":false,"footnotes":""},"categories":[],"tags":[],"class_list":["post-777","page","type-page","status-publish","hentry"],"acf":[],"yoast_head":"<!-- This site is optimized with the Yoast SEO plugin v26.4 - https:\/\/yoast.com\/wordpress\/plugins\/seo\/ -->\n<title>Proc\u00e9dure | Belco Motor Oil<\/title>\n<meta name=\"description\" content=\"Pour nous aussi, la qualit\u00e9 et le service sont vraiment tr\u00e8s importants, tout comme avoir un rapport personnel avec nos clients. D\u00e9couvrez notre mani\u00e8re de faire et posez-nous vos questions.\" \/>\n<meta name=\"robots\" content=\"index, follow, max-snippet:-1, max-image-preview:large, max-video-preview:-1\" \/>\n<link rel=\"canonical\" href=\"https:\/\/belcomotoroil.com\/fr\/entreprise\/procedure\/\" \/>\n<meta property=\"og:locale\" content=\"fr_FR\" \/>\n<meta property=\"og:type\" content=\"article\" \/>\n<meta property=\"og:title\" content=\"Proc\u00e9dure | Belco Motor Oil\" \/>\n<meta property=\"og:description\" content=\"Pour nous aussi, la qualit\u00e9 et le service sont vraiment tr\u00e8s importants, tout comme avoir un rapport personnel avec nos clients. D\u00e9couvrez notre mani\u00e8re de faire et posez-nous vos questions.\" \/>\n<meta property=\"og:url\" content=\"https:\/\/belcomotoroil.com\/fr\/entreprise\/procedure\/\" \/>\n<meta property=\"og:site_name\" content=\"Belco motor oil\" \/>\n<meta property=\"article:modified_time\" content=\"2021-06-08T08:05:43+00:00\" \/>\n<meta name=\"twitter:card\" content=\"summary_large_image\" \/>\n<meta name=\"twitter:label1\" content=\"Dur\u00e9e de lecture est.\" \/>\n\t<meta name=\"twitter:data1\" content=\"2 minutes\" \/>\n<script type=\"application\/ld+json\" class=\"yoast-schema-graph\">{\"@context\":\"https:\/\/schema.org\",\"@graph\":[{\"@type\":\"WebPage\",\"@id\":\"https:\/\/belcomotoroil.com\/fr\/entreprise\/procedure\/\",\"url\":\"https:\/\/belcomotoroil.com\/fr\/entreprise\/procedure\/\",\"name\":\"Proc\u00e9dure | Belco Motor Oil\",\"isPartOf\":{\"@id\":\"https:\/\/belcomotoroil.com\/fr\/#website\"},\"datePublished\":\"2020-07-07T08:22:58+00:00\",\"dateModified\":\"2021-06-08T08:05:43+00:00\",\"description\":\"Pour nous aussi, la qualit\u00e9 et le service sont vraiment tr\u00e8s importants, tout comme avoir un rapport personnel avec nos clients. D\u00e9couvrez notre mani\u00e8re de faire et posez-nous vos questions.\",\"breadcrumb\":{\"@id\":\"https:\/\/belcomotoroil.com\/fr\/entreprise\/procedure\/#breadcrumb\"},\"inLanguage\":\"fr-BE\",\"potentialAction\":[{\"@type\":\"ReadAction\",\"target\":[\"https:\/\/belcomotoroil.com\/fr\/entreprise\/procedure\/\"]}]},{\"@type\":\"BreadcrumbList\",\"@id\":\"https:\/\/belcomotoroil.com\/fr\/entreprise\/procedure\/#breadcrumb\",\"itemListElement\":[{\"@type\":\"ListItem\",\"position\":1,\"name\":\"Home\",\"item\":\"https:\/\/belcomotoroil.com\/fr\/home\/\"},{\"@type\":\"ListItem\",\"position\":2,\"name\":\"Entreprise\",\"item\":\"https:\/\/belcomotoroil.com\/fr\/entreprise\/\"},{\"@type\":\"ListItem\",\"position\":3,\"name\":\"Proc\u00e9dure\"}]},{\"@type\":\"WebSite\",\"@id\":\"https:\/\/belcomotoroil.com\/fr\/#website\",\"url\":\"https:\/\/belcomotoroil.com\/fr\/\",\"name\":\"Belco motor oil\",\"description\":\"\",\"potentialAction\":[{\"@type\":\"SearchAction\",\"target\":{\"@type\":\"EntryPoint\",\"urlTemplate\":\"https:\/\/belcomotoroil.com\/fr\/?s={search_term_string}\"},\"query-input\":{\"@type\":\"PropertyValueSpecification\",\"valueRequired\":true,\"valueName\":\"search_term_string\"}}],\"inLanguage\":\"fr-BE\"}]}<\/script>\n<!-- \/ Yoast SEO plugin. -->","yoast_head_json":{"title":"Proc\u00e9dure | Belco Motor Oil","description":"Pour nous aussi, la qualit\u00e9 et le service sont vraiment tr\u00e8s importants, tout comme avoir un rapport personnel avec nos clients. D\u00e9couvrez notre mani\u00e8re de faire et posez-nous vos questions.","robots":{"index":"index","follow":"follow","max-snippet":"max-snippet:-1","max-image-preview":"max-image-preview:large","max-video-preview":"max-video-preview:-1"},"canonical":"https:\/\/belcomotoroil.com\/fr\/entreprise\/procedure\/","og_locale":"fr_FR","og_type":"article","og_title":"Proc\u00e9dure | Belco Motor Oil","og_description":"Pour nous aussi, la qualit\u00e9 et le service sont vraiment tr\u00e8s importants, tout comme avoir un rapport personnel avec nos clients. D\u00e9couvrez notre mani\u00e8re de faire et posez-nous vos questions.","og_url":"https:\/\/belcomotoroil.com\/fr\/entreprise\/procedure\/","og_site_name":"Belco motor oil","article_modified_time":"2021-06-08T08:05:43+00:00","twitter_card":"summary_large_image","twitter_misc":{"Dur\u00e9e de lecture est.":"2 minutes"},"schema":{"@context":"https:\/\/schema.org","@graph":[{"@type":"WebPage","@id":"https:\/\/belcomotoroil.com\/fr\/entreprise\/procedure\/","url":"https:\/\/belcomotoroil.com\/fr\/entreprise\/procedure\/","name":"Proc\u00e9dure | Belco Motor Oil","isPartOf":{"@id":"https:\/\/belcomotoroil.com\/fr\/#website"},"datePublished":"2020-07-07T08:22:58+00:00","dateModified":"2021-06-08T08:05:43+00:00","description":"Pour nous aussi, la qualit\u00e9 et le service sont vraiment tr\u00e8s importants, tout comme avoir un rapport personnel avec nos clients. D\u00e9couvrez notre mani\u00e8re de faire et posez-nous vos questions.","breadcrumb":{"@id":"https:\/\/belcomotoroil.com\/fr\/entreprise\/procedure\/#breadcrumb"},"inLanguage":"fr-BE","potentialAction":[{"@type":"ReadAction","target":["https:\/\/belcomotoroil.com\/fr\/entreprise\/procedure\/"]}]},{"@type":"BreadcrumbList","@id":"https:\/\/belcomotoroil.com\/fr\/entreprise\/procedure\/#breadcrumb","itemListElement":[{"@type":"ListItem","position":1,"name":"Home","item":"https:\/\/belcomotoroil.com\/fr\/home\/"},{"@type":"ListItem","position":2,"name":"Entreprise","item":"https:\/\/belcomotoroil.com\/fr\/entreprise\/"},{"@type":"ListItem","position":3,"name":"Proc\u00e9dure"}]},{"@type":"WebSite","@id":"https:\/\/belcomotoroil.com\/fr\/#website","url":"https:\/\/belcomotoroil.com\/fr\/","name":"Belco motor oil","description":"","potentialAction":[{"@type":"SearchAction","target":{"@type":"EntryPoint","urlTemplate":"https:\/\/belcomotoroil.com\/fr\/?s={search_term_string}"},"query-input":{"@type":"PropertyValueSpecification","valueRequired":true,"valueName":"search_term_string"}}],"inLanguage":"fr-BE"}]}},"_links":{"self":[{"href":"https:\/\/belcomotoroil.com\/fr\/wp-json\/wp\/v2\/pages\/777","targetHints":{"allow":["GET"]}}],"collection":[{"href":"https:\/\/belcomotoroil.com\/fr\/wp-json\/wp\/v2\/pages"}],"about":[{"href":"https:\/\/belcomotoroil.com\/fr\/wp-json\/wp\/v2\/types\/page"}],"author":[{"embeddable":true,"href":"https:\/\/belcomotoroil.com\/fr\/wp-json\/wp\/v2\/users\/1"}],"replies":[{"embeddable":true,"href":"https:\/\/belcomotoroil.com\/fr\/wp-json\/wp\/v2\/comments?post=777"}],"version-history":[{"count":6,"href":"https:\/\/belcomotoroil.com\/fr\/wp-json\/wp\/v2\/pages\/777\/revisions"}],"predecessor-version":[{"id":778,"href":"https:\/\/belcomotoroil.com\/fr\/wp-json\/wp\/v2\/pages\/777\/revisions\/778"}],"up":[{"embeddable":true,"href":"https:\/\/belcomotoroil.com\/fr\/wp-json\/wp\/v2\/pages\/770"}],"wp:attachment":[{"href":"https:\/\/belcomotoroil.com\/fr\/wp-json\/wp\/v2\/media?parent=777"}],"wp:term":[{"taxonomy":"category","embeddable":true,"href":"https:\/\/belcomotoroil.com\/fr\/wp-json\/wp\/v2\/categories?post=777"},{"taxonomy":"post_tag","embeddable":true,"href":"https:\/\/belcomotoroil.com\/fr\/wp-json\/wp\/v2\/tags?post=777"}],"curies":[{"name":"wp","href":"https:\/\/api.w.org\/{rel}","templated":true}]}}